{"id":2138,"date":"2018-01-26T10:08:19","date_gmt":"2018-01-26T09:08:19","guid":{"rendered":"https:\/\/activ.at\/impressum\/"},"modified":"2022-02-15T12:20:56","modified_gmt":"2022-02-15T11:20:56","slug":"impresum","status":"publish","type":"page","link":"https:\/\/activ.at\/sr\/impresum\/","title":{"rendered":"Impresum"},"content":{"rendered":"<p><strong>Lice odgovorno za sadr\u017einu:<\/strong><br \/>\nSve fotografije, logotipi i tekstovi na ovim stranama su vlasni\u0161tvo firme ACTIV Project Management GmbH i njenih partnera. Kopiranje i \/ ili distribucija sadr\u017eaja koji su ovde navedeni u bilo kojem obliku zahteva pisano odobrenje.<\/p>\n<p><strong>Vlasnik medija, izdava\u010d i vlasnik:<\/strong><br \/>\nACTIV Project Management GmbH<br \/>\nLiebenauer Hauptstr. 34 A-8041 Graz<\/p>\n<p>Tel.: +43 316 475 315<br \/>\nFaks: +43 316 475 315 \u2013 34<br \/>\ne-mail: office@activ.at<br \/>\nInternet: <a href=\"https:\/\/www.activ.at\" target=\"_blank\" rel=\"noopener\">https:\/\/www.activ.at<\/a><\/p>\n<p><strong>Uprava dru\u0161tva:<\/strong><br \/>\nKR Benjamin Wakounig, Generalni direktor (CEO)<\/p>\n<p><strong>Poreski broj:<\/strong> ATU28785204<br \/>\n<strong>MBS:<\/strong> FN39304a<br \/>\n<strong>Registarski sud:<\/strong> Pokrajinski sud za civilne predmete u Gracu<br \/>\n<strong>Banka:<\/strong> UniCredit Bank Austria AG<br \/>\n<strong>IBAN:<\/strong> AT59 1100 0088 2596 0100<br \/>\n<strong>BIC (SWIFT):<\/strong> BKAUATWW<\/p>\n<p><strong>Nadle\u017ean nadzorni organ:\u2028<\/strong><br \/>\nGrad Grac<\/p>\n<p><strong>Nadle\u017ena komora:<\/strong><br \/>\nPrivredna komora \u0160tajerske<\/p>\n<p><strong>Pravni propisi za slobodne profesije: <\/strong><br \/>\nZakon o trgovini, zanatima i industriji: <a href=\"http:\/\/www.ris.bka.gv.at\" target=\"_blank\" rel=\"noopener\">www.ris.bka.gv.at<\/a><\/p>\n<p>Potro\u0161a\u010di imaju mogu\u0107nost da upute \u017ealbu na onlajn platformu za re\u0161avanje sporova EU: <a href=\"https:\/\/ec.europa.eu\/consumers\/odr\/main\/index.cfm?event=main.home.chooseLanguage\" target=\"_blank\" rel=\"noopener\">https:\/\/ec.europa.eu\/consumers\/odr<\/a><br \/>\nTako\u0111e mo\u017eete da uputite bilo kakvu \u017ealbu na gore navedenu adresu e-po\u0161te.<\/p>\n<p><strong>Informacije o firmi prema ECG-u<\/strong><a href=\"https:\/\/firmen.wko.at\/Web\/DetailsKontakt.aspx?FirmaID=ece67d45-23de-4b1f-94f5-bf7b9917a2a2&amp;StandortID=89&amp;StandortName=graz&amp;Suchbegriff=activ&amp;Page=1\" target=\"_blank\" rel=\"noopener\"> (umetnite jo\u0161 ovu vezu )<\/a><\/p>\n<p><strong> Urheberrecht<\/strong><br \/>\n\u00a9 Copyright 2018 &#8211; ACTIV Project Management GmbH<\/p>\n<p>Der Inhalt dieser Webseite ist urheberrechtlich gesch\u00fctzt. Jede den Bestimmungen des Urheberrechtsgesetzes widersprechende Verwendung jeglicher Inhalte dieser Webseiten, insbesondere die weitergehende Nutzung, wie beispielsweise die Ver\u00f6ffentlichung, Vervielf\u00e4ltigung und jede Form von gewerblicher Nutzung, sowie die Weitergabe an Dritte, auch in Teilen oder in \u00fcberarbeiteter Form, ist ohne ausdr\u00fcckliche Zustimmung des Autors untersagt. Davon ausgenommen sind ausdr\u00fccklich zum Download gekennzeichnete Dateien.<\/p>\n<p><strong> Haftung:<\/strong><br \/>\nDie Informationen dieser Webseiten k\u00f6nnen ohne vorherige Ank\u00fcndigung ge\u00e4ndert, entfernt oder erg\u00e4nzt werden. Das Unternehmen ACTIV Project Management GmbH kann daher keine Garantie f\u00fcr die Korrektheit, Vollst\u00e4ndigkeit oder Qualit\u00e4t und letzte Aktualit\u00e4t der bereitgestellten Informationen geben. Der Herausgeber der Webseite, die ACTIV Project Management GmbH, haftet nicht f\u00fcr direkte oder indirekte Sch\u00e4den, einschlie\u00dflich entgangenen Gewinns, die mit der Nutzung des Informations- und Funktionsangebots dieser Webseite in Verbindung gebracht werden k\u00f6nnen. Dies gilt insbesondere auch f\u00fcr die ausgewiesenen Links zu anderen Webseiten, auf die die ACTIV Project Management GmbH keinen Einfluss hat und f\u00fcr deren Inhalt keine Verantwortung \u00fcbernommen werden kann.<\/p>\n<p><strong>Koncept, dizajn i implementacija:<\/strong><br \/>\nWedesignstuff <sup>TM<\/sup>,<a href=\"http:\/\/www.wds.si\" target=\"_blank\" rel=\"noopener\"> www.wds.si<\/a><\/p>\n<p><strong>Fotografije:<\/strong><br \/>\nSami Rahim, <a href=\"http:\/\/www.samirahim.com\" target=\"_blank\" rel=\"noopener\">www.samirahim.com<\/a><\/p>\n<p>\u00a9 Mitsubishi Power Europe GmbH (MPWE):<br \/>\n\u2022 Home\/ Izbor iz na\u0161ih projekata: slika kod elektrane TENT Obrenovac A u Srbiji: Modernizacija mlina i modifikacija NOx.<br \/>\n\u2022 Re\u0161enja u energetici: baner i galerija slika na predstavljanju MPWE.<br \/>\n\u2022 Vesti: Slika u poruci od 16.10.2017: MPW Evropa &#8211; Dan kupaca, potpun uspeh.<\/p>\n<p>\u00a9 Rosink-Werkst\u00e4tten GmbH:<br \/>\n\u2022 Re\u0161enja u energetici: galerija slika na predstavljanju firme Rosink-Werkst\u00e4tten GmbH.<\/p>\n<p>\u00a9 Elektroprivreda Srbije, Ogranak TENT Beograd \u2013 Obrenovac:<br \/>\n\u2022 Home\/ Izbor iz na\u0161ih projekata: Slika pri elektrani TENT Obrenovac u Srbiji: Odsumporavanje dimnih gasova (FGD)<br \/>\n\u2022 Reference\/elektrane, Srbija: Slika pri elektrani \u201eNikola Tesla A\u201c Obrenovac.<\/p>\n<p>\u00a9 Javno podjetje Energetika Ljubljana d.o.o.:<br \/>\n\u2022 Reference\/elektrane, Slovenija: slika kod toplane Toplarna.<\/p>\n<p><strong>Tekstovi:<\/strong><br \/>\nAgencija za tekstove, mag.(FH) Anita Hirschenberger, <a href=\"http:\/\/www.dietextagentur.at\" target=\"_blank\" rel=\"noopener\">www.dietextagentur.at<\/a><\/p>\n<p><strong>Promocija:<\/strong><br \/>\nRealizacija ove po\u010detne stranice finansira se sredstvima WKO (Privredne komore) \u0160tajerske.<\/p>\n","protected":false},"excerpt":{"rendered":"<p>Lice odgovorno za sadr\u017einu: Sve fotografije, logotipi i tekstovi na ovim stranama su vlasni\u0161tvo firme ACTIV Project Management GmbH i njenih partnera. Kopiranje i \/ ili distribucija sadr\u017eaja koji su ovde navedeni u bilo kojem obliku zahteva pisano odobrenje. Vlasnik medija, izdava\u010d i vlasnik: ACTIV Project Management GmbH Liebenauer Hauptstr. 34 A-8041 Graz Tel.: +43 [&hellip;]<\/p>\n","protected":false},"author":1,"featured_media":0,"parent":0,"menu_order":0,"comment_status":"closed","ping_status":"closed","template":"","meta":{"_acf_changed":false,"footnotes":""},"class_list":["post-2138","page","type-page","status-publish","hentry"],"acf":[],"yoast_head":"<!-- This site is optimized with the Yoast SEO plugin v27.5 - https:\/\/yoast.com\/product\/yoast-seo-wordpress\/ -->\n<title>Impressum | ACTIV Project Management GmbH<\/title>\n<meta name=\"description\" content=\"Medieninhaber und Herausgeber. ACTIV Project Management GmbH, Liebenauer Hauptstr. 34, 8041 Graz, \u00d6sterreich, T +43 316 475 315, office@ACTIV.at\" \/>\n<meta name=\"robots\" content=\"index, follow, max-snippet:-1, max-image-preview:large, max-video-preview:-1\" \/>\n<link rel=\"canonical\" href=\"https:\/\/activ.at\/sr\/impresum\/\" \/>\n<meta property=\"og:locale\" content=\"sr_RS\" \/>\n<meta property=\"og:type\" content=\"article\" \/>\n<meta property=\"og:title\" content=\"Impressum | ACTIV Project Management GmbH\" \/>\n<meta property=\"og:description\" content=\"Medieninhaber und Herausgeber. ACTIV Project Management GmbH, Liebenauer Hauptstr. 34, 8041 Graz, \u00d6sterreich, T +43 316 475 315, office@ACTIV.at\" \/>\n<meta property=\"og:url\" content=\"https:\/\/activ.at\/sr\/impresum\/\" \/>\n<meta property=\"og:site_name\" content=\"Activ\" \/>\n<meta property=\"article:modified_time\" content=\"2022-02-15T11:20:56+00:00\" \/>\n<meta name=\"twitter:card\" content=\"summary_large_image\" \/>\n<meta name=\"twitter:label1\" content=\"\u041f\u0440\u043e\u0446\u0435\u045a\u0435\u043d\u043e \u0432\u0440\u0435\u043c\u0435 \u0447\u0438\u0442\u0430\u045a\u0430\" \/>\n\t<meta name=\"twitter:data1\" content=\"3 \u043c\u0438\u043d\u0443\u0442\u0430\" \/>\n<script type=\"application\/ld+json\" class=\"yoast-schema-graph\">{\"@context\":\"https:\\\/\\\/schema.org\",\"@graph\":[{\"@type\":\"WebPage\",\"@id\":\"https:\\\/\\\/activ.at\\\/sr\\\/impresum\\\/\",\"url\":\"https:\\\/\\\/activ.at\\\/sr\\\/impresum\\\/\",\"name\":\"Impressum | ACTIV Project Management GmbH\",\"isPartOf\":{\"@id\":\"https:\\\/\\\/activ.at\\\/sr\\\/#website\"},\"datePublished\":\"2018-01-26T09:08:19+00:00\",\"dateModified\":\"2022-02-15T11:20:56+00:00\",\"description\":\"Medieninhaber und Herausgeber. ACTIV Project Management GmbH, Liebenauer Hauptstr. 34, 8041 Graz, \u00d6sterreich, T +43 316 475 315, office@ACTIV.at\",\"breadcrumb\":{\"@id\":\"https:\\\/\\\/activ.at\\\/sr\\\/impresum\\\/#breadcrumb\"},\"inLanguage\":\"sr-RS\",\"potentialAction\":[{\"@type\":\"ReadAction\",\"target\":[\"https:\\\/\\\/activ.at\\\/sr\\\/impresum\\\/\"]}]},{\"@type\":\"BreadcrumbList\",\"@id\":\"https:\\\/\\\/activ.at\\\/sr\\\/impresum\\\/#breadcrumb\",\"itemListElement\":[{\"@type\":\"ListItem\",\"position\":1,\"name\":\"Home\",\"item\":\"https:\\\/\\\/activ.at\\\/sr\\\/\"},{\"@type\":\"ListItem\",\"position\":2,\"name\":\"Impresum\"}]},{\"@type\":\"WebSite\",\"@id\":\"https:\\\/\\\/activ.at\\\/sr\\\/#website\",\"url\":\"https:\\\/\\\/activ.at\\\/sr\\\/\",\"name\":\"Activ\",\"description\":\"Project Management GmbH\",\"publisher\":{\"@id\":\"https:\\\/\\\/activ.at\\\/sr\\\/#organization\"},\"potentialAction\":[{\"@type\":\"SearchAction\",\"target\":{\"@type\":\"EntryPoint\",\"urlTemplate\":\"https:\\\/\\\/activ.at\\\/sr\\\/?s={search_term_string}\"},\"query-input\":{\"@type\":\"PropertyValueSpecification\",\"valueRequired\":true,\"valueName\":\"search_term_string\"}}],\"inLanguage\":\"sr-RS\"},{\"@type\":\"Organization\",\"@id\":\"https:\\\/\\\/activ.at\\\/sr\\\/#organization\",\"name\":\"Activ Project Management GmbH\",\"url\":\"https:\\\/\\\/activ.at\\\/sr\\\/\",\"logo\":{\"@type\":\"ImageObject\",\"inLanguage\":\"sr-RS\",\"@id\":\"https:\\\/\\\/activ.at\\\/sr\\\/#\\\/schema\\\/logo\\\/image\\\/\",\"url\":\"https:\\\/\\\/activ.at\\\/wp-content\\\/uploads\\\/2018\\\/01\\\/activ-01_beli.png\",\"contentUrl\":\"https:\\\/\\\/activ.at\\\/wp-content\\\/uploads\\\/2018\\\/01\\\/activ-01_beli.png\",\"width\":454,\"height\":125,\"caption\":\"Activ Project Management GmbH\"},\"image\":{\"@id\":\"https:\\\/\\\/activ.at\\\/sr\\\/#\\\/schema\\\/logo\\\/image\\\/\"}}]}<\/script>\n<!-- \/ Yoast SEO plugin. -->","yoast_head_json":{"title":"Impressum | ACTIV Project Management GmbH","description":"Medieninhaber und Herausgeber. ACTIV Project Management GmbH, Liebenauer Hauptstr. 34, 8041 Graz, \u00d6sterreich, T +43 316 475 315, office@ACTIV.at","robots":{"index":"index","follow":"follow","max-snippet":"max-snippet:-1","max-image-preview":"max-image-preview:large","max-video-preview":"max-video-preview:-1"},"canonical":"https:\/\/activ.at\/sr\/impresum\/","og_locale":"sr_RS","og_type":"article","og_title":"Impressum | ACTIV Project Management GmbH","og_description":"Medieninhaber und Herausgeber. ACTIV Project Management GmbH, Liebenauer Hauptstr. 34, 8041 Graz, \u00d6sterreich, T +43 316 475 315, office@ACTIV.at","og_url":"https:\/\/activ.at\/sr\/impresum\/","og_site_name":"Activ","article_modified_time":"2022-02-15T11:20:56+00:00","twitter_card":"summary_large_image","twitter_misc":{"\u041f\u0440\u043e\u0446\u0435\u045a\u0435\u043d\u043e \u0432\u0440\u0435\u043c\u0435 \u0447\u0438\u0442\u0430\u045a\u0430":"3 \u043c\u0438\u043d\u0443\u0442\u0430"},"schema":{"@context":"https:\/\/schema.org","@graph":[{"@type":"WebPage","@id":"https:\/\/activ.at\/sr\/impresum\/","url":"https:\/\/activ.at\/sr\/impresum\/","name":"Impressum | ACTIV Project Management GmbH","isPartOf":{"@id":"https:\/\/activ.at\/sr\/#website"},"datePublished":"2018-01-26T09:08:19+00:00","dateModified":"2022-02-15T11:20:56+00:00","description":"Medieninhaber und Herausgeber. ACTIV Project Management GmbH, Liebenauer Hauptstr. 34, 8041 Graz, \u00d6sterreich, T +43 316 475 315, office@ACTIV.at","breadcrumb":{"@id":"https:\/\/activ.at\/sr\/impresum\/#breadcrumb"},"inLanguage":"sr-RS","potentialAction":[{"@type":"ReadAction","target":["https:\/\/activ.at\/sr\/impresum\/"]}]},{"@type":"BreadcrumbList","@id":"https:\/\/activ.at\/sr\/impresum\/#breadcrumb","itemListElement":[{"@type":"ListItem","position":1,"name":"Home","item":"https:\/\/activ.at\/sr\/"},{"@type":"ListItem","position":2,"name":"Impresum"}]},{"@type":"WebSite","@id":"https:\/\/activ.at\/sr\/#website","url":"https:\/\/activ.at\/sr\/","name":"Activ","description":"Project Management GmbH","publisher":{"@id":"https:\/\/activ.at\/sr\/#organization"},"potentialAction":[{"@type":"SearchAction","target":{"@type":"EntryPoint","urlTemplate":"https:\/\/activ.at\/sr\/?s={search_term_string}"},"query-input":{"@type":"PropertyValueSpecification","valueRequired":true,"valueName":"search_term_string"}}],"inLanguage":"sr-RS"},{"@type":"Organization","@id":"https:\/\/activ.at\/sr\/#organization","name":"Activ Project Management GmbH","url":"https:\/\/activ.at\/sr\/","logo":{"@type":"ImageObject","inLanguage":"sr-RS","@id":"https:\/\/activ.at\/sr\/#\/schema\/logo\/image\/","url":"https:\/\/activ.at\/wp-content\/uploads\/2018\/01\/activ-01_beli.png","contentUrl":"https:\/\/activ.at\/wp-content\/uploads\/2018\/01\/activ-01_beli.png","width":454,"height":125,"caption":"Activ Project Management GmbH"},"image":{"@id":"https:\/\/activ.at\/sr\/#\/schema\/logo\/image\/"}}]}},"_links":{"self":[{"href":"https:\/\/activ.at\/sr\/wp-json\/wp\/v2\/pages\/2138","targetHints":{"allow":["GET"]}}],"collection":[{"href":"https:\/\/activ.at\/sr\/wp-json\/wp\/v2\/pages"}],"about":[{"href":"https:\/\/activ.at\/sr\/wp-json\/wp\/v2\/types\/page"}],"author":[{"embeddable":true,"href":"https:\/\/activ.at\/sr\/wp-json\/wp\/v2\/users\/1"}],"replies":[{"embeddable":true,"href":"https:\/\/activ.at\/sr\/wp-json\/wp\/v2\/comments?post=2138"}],"version-history":[{"count":5,"href":"https:\/\/activ.at\/sr\/wp-json\/wp\/v2\/pages\/2138\/revisions"}],"predecessor-version":[{"id":4415,"href":"https:\/\/activ.at\/sr\/wp-json\/wp\/v2\/pages\/2138\/revisions\/4415"}],"wp:attachment":[{"href":"https:\/\/activ.at\/sr\/wp-json\/wp\/v2\/media?parent=2138"}],"curies":[{"name":"wp","href":"https:\/\/api.w.org\/{rel}","templated":true}]}}