{"id":2125,"date":"2018-01-09T12:40:18","date_gmt":"2018-01-09T11:40:18","guid":{"rendered":"https:\/\/activ.at\/unsere-partner\/"},"modified":"2018-04-13T07:44:07","modified_gmt":"2018-04-13T06:44:07","slug":"nasi-partneri","status":"publish","type":"page","link":"https:\/\/activ.at\/sr\/nasi-partneri\/","title":{"rendered":"Na\u0161i partneri"},"content":{"rendered":"","protected":false},"excerpt":{"rendered":"","protected":false},"author":1,"featured_media":2127,"parent":0,"menu_order":0,"comment_status":"closed","ping_status":"closed","template":"template-partners.php","meta":{"_acf_changed":false,"footnotes":""},"class_list":["post-2125","page","type-page","status-publish","has-post-thumbnail","hentry"],"acf":[],"yoast_head":"<!-- This site is optimized with the Yoast SEO plugin v27.5 - https:\/\/yoast.com\/product\/yoast-seo-wordpress\/ -->\n<title>ACTIV | Partner von Weltkonzernen f\u00fcr S\u00fcdosteuropa<\/title>\n<meta name=\"description\" content=\"ACTIV ist Partner f\u00fchrender Unternehmen &amp; Weltkonzerne. MHPSE. Novomatic. Kelag. Fassmer. Rosink. ERC Technik. Starten Sie Ihr Projekt mit uns!\" \/>\n<meta name=\"robots\" content=\"index, follow, max-snippet:-1, max-image-preview:large, max-video-preview:-1\" \/>\n<link rel=\"canonical\" href=\"https:\/\/activ.at\/sr\/nasi-partneri\/\" \/>\n<meta property=\"og:locale\" content=\"sr_RS\" \/>\n<meta property=\"og:type\" content=\"article\" \/>\n<meta property=\"og:title\" content=\"ACTIV | Partner von Weltkonzernen f\u00fcr S\u00fcdosteuropa\" \/>\n<meta property=\"og:description\" content=\"ACTIV ist Partner f\u00fchrender Unternehmen &amp; Weltkonzerne. MHPSE. Novomatic. Kelag. Fassmer. Rosink. ERC Technik. Starten Sie Ihr Projekt mit uns!\" \/>\n<meta property=\"og:url\" content=\"https:\/\/activ.at\/sr\/nasi-partneri\/\" \/>\n<meta property=\"og:site_name\" content=\"Activ\" \/>\n<meta property=\"article:modified_time\" content=\"2018-04-13T06:44:07+00:00\" \/>\n<meta property=\"og:image\" content=\"https:\/\/activ.at\/wp-content\/uploads\/2018\/01\/P_Sami_Rahim-4099-4.jpg\" \/>\n\t<meta property=\"og:image:width\" content=\"4032\" \/>\n\t<meta property=\"og:image:height\" content=\"2192\" \/>\n\t<meta property=\"og:image:type\" content=\"image\/jpeg\" \/>\n<meta name=\"twitter:card\" content=\"summary_large_image\" \/>\n<script type=\"application\/ld+json\" class=\"yoast-schema-graph\">{\"@context\":\"https:\\\/\\\/schema.org\",\"@graph\":[{\"@type\":\"WebPage\",\"@id\":\"https:\\\/\\\/activ.at\\\/sr\\\/nasi-partneri\\\/\",\"url\":\"https:\\\/\\\/activ.at\\\/sr\\\/nasi-partneri\\\/\",\"name\":\"ACTIV | Partner von Weltkonzernen f\u00fcr S\u00fcdosteuropa\",\"isPartOf\":{\"@id\":\"https:\\\/\\\/activ.at\\\/sr\\\/#website\"},\"primaryImageOfPage\":{\"@id\":\"https:\\\/\\\/activ.at\\\/sr\\\/nasi-partneri\\\/#primaryimage\"},\"image\":{\"@id\":\"https:\\\/\\\/activ.at\\\/sr\\\/nasi-partneri\\\/#primaryimage\"},\"thumbnailUrl\":\"https:\\\/\\\/activ.at\\\/wp-content\\\/uploads\\\/2018\\\/01\\\/P_Sami_Rahim-4099-4.jpg\",\"datePublished\":\"2018-01-09T11:40:18+00:00\",\"dateModified\":\"2018-04-13T06:44:07+00:00\",\"description\":\"ACTIV ist Partner f\u00fchrender Unternehmen & Weltkonzerne. MHPSE. Novomatic. Kelag. Fassmer. Rosink. ERC Technik. Starten Sie Ihr Projekt mit uns!\",\"breadcrumb\":{\"@id\":\"https:\\\/\\\/activ.at\\\/sr\\\/nasi-partneri\\\/#breadcrumb\"},\"inLanguage\":\"sr-RS\",\"potentialAction\":[{\"@type\":\"ReadAction\",\"target\":[\"https:\\\/\\\/activ.at\\\/sr\\\/nasi-partneri\\\/\"]}]},{\"@type\":\"ImageObject\",\"inLanguage\":\"sr-RS\",\"@id\":\"https:\\\/\\\/activ.at\\\/sr\\\/nasi-partneri\\\/#primaryimage\",\"url\":\"https:\\\/\\\/activ.at\\\/wp-content\\\/uploads\\\/2018\\\/01\\\/P_Sami_Rahim-4099-4.jpg\",\"contentUrl\":\"https:\\\/\\\/activ.at\\\/wp-content\\\/uploads\\\/2018\\\/01\\\/P_Sami_Rahim-4099-4.jpg\",\"width\":4032,\"height\":2192},{\"@type\":\"BreadcrumbList\",\"@id\":\"https:\\\/\\\/activ.at\\\/sr\\\/nasi-partneri\\\/#breadcrumb\",\"itemListElement\":[{\"@type\":\"ListItem\",\"position\":1,\"name\":\"Home\",\"item\":\"https:\\\/\\\/activ.at\\\/sr\\\/\"},{\"@type\":\"ListItem\",\"position\":2,\"name\":\"Na\u0161i partneri\"}]},{\"@type\":\"WebSite\",\"@id\":\"https:\\\/\\\/activ.at\\\/sr\\\/#website\",\"url\":\"https:\\\/\\\/activ.at\\\/sr\\\/\",\"name\":\"Activ\",\"description\":\"Project Management GmbH\",\"publisher\":{\"@id\":\"https:\\\/\\\/activ.at\\\/sr\\\/#organization\"},\"potentialAction\":[{\"@type\":\"SearchAction\",\"target\":{\"@type\":\"EntryPoint\",\"urlTemplate\":\"https:\\\/\\\/activ.at\\\/sr\\\/?s={search_term_string}\"},\"query-input\":{\"@type\":\"PropertyValueSpecification\",\"valueRequired\":true,\"valueName\":\"search_term_string\"}}],\"inLanguage\":\"sr-RS\"},{\"@type\":\"Organization\",\"@id\":\"https:\\\/\\\/activ.at\\\/sr\\\/#organization\",\"name\":\"Activ Project Management GmbH\",\"url\":\"https:\\\/\\\/activ.at\\\/sr\\\/\",\"logo\":{\"@type\":\"ImageObject\",\"inLanguage\":\"sr-RS\",\"@id\":\"https:\\\/\\\/activ.at\\\/sr\\\/#\\\/schema\\\/logo\\\/image\\\/\",\"url\":\"https:\\\/\\\/activ.at\\\/wp-content\\\/uploads\\\/2018\\\/01\\\/activ-01_beli.png\",\"contentUrl\":\"https:\\\/\\\/activ.at\\\/wp-content\\\/uploads\\\/2018\\\/01\\\/activ-01_beli.png\",\"width\":454,\"height\":125,\"caption\":\"Activ Project Management GmbH\"},\"image\":{\"@id\":\"https:\\\/\\\/activ.at\\\/sr\\\/#\\\/schema\\\/logo\\\/image\\\/\"}}]}<\/script>\n<!-- \/ Yoast SEO plugin. -->","yoast_head_json":{"title":"ACTIV | Partner von Weltkonzernen f\u00fcr S\u00fcdosteuropa","description":"ACTIV ist Partner f\u00fchrender Unternehmen & Weltkonzerne. MHPSE. Novomatic. Kelag. Fassmer. Rosink. ERC Technik. Starten Sie Ihr Projekt mit uns!","robots":{"index":"index","follow":"follow","max-snippet":"max-snippet:-1","max-image-preview":"max-image-preview:large","max-video-preview":"max-video-preview:-1"},"canonical":"https:\/\/activ.at\/sr\/nasi-partneri\/","og_locale":"sr_RS","og_type":"article","og_title":"ACTIV | Partner von Weltkonzernen f\u00fcr S\u00fcdosteuropa","og_description":"ACTIV ist Partner f\u00fchrender Unternehmen & Weltkonzerne. MHPSE. Novomatic. Kelag. Fassmer. Rosink. ERC Technik. Starten Sie Ihr Projekt mit uns!","og_url":"https:\/\/activ.at\/sr\/nasi-partneri\/","og_site_name":"Activ","article_modified_time":"2018-04-13T06:44:07+00:00","og_image":[{"width":4032,"height":2192,"url":"https:\/\/activ.at\/wp-content\/uploads\/2018\/01\/P_Sami_Rahim-4099-4.jpg","type":"image\/jpeg"}],"twitter_card":"summary_large_image","schema":{"@context":"https:\/\/schema.org","@graph":[{"@type":"WebPage","@id":"https:\/\/activ.at\/sr\/nasi-partneri\/","url":"https:\/\/activ.at\/sr\/nasi-partneri\/","name":"ACTIV | Partner von Weltkonzernen f\u00fcr S\u00fcdosteuropa","isPartOf":{"@id":"https:\/\/activ.at\/sr\/#website"},"primaryImageOfPage":{"@id":"https:\/\/activ.at\/sr\/nasi-partneri\/#primaryimage"},"image":{"@id":"https:\/\/activ.at\/sr\/nasi-partneri\/#primaryimage"},"thumbnailUrl":"https:\/\/activ.at\/wp-content\/uploads\/2018\/01\/P_Sami_Rahim-4099-4.jpg","datePublished":"2018-01-09T11:40:18+00:00","dateModified":"2018-04-13T06:44:07+00:00","description":"ACTIV ist Partner f\u00fchrender Unternehmen & Weltkonzerne. MHPSE. Novomatic. Kelag. Fassmer. Rosink. ERC Technik. Starten Sie Ihr Projekt mit uns!","breadcrumb":{"@id":"https:\/\/activ.at\/sr\/nasi-partneri\/#breadcrumb"},"inLanguage":"sr-RS","potentialAction":[{"@type":"ReadAction","target":["https:\/\/activ.at\/sr\/nasi-partneri\/"]}]},{"@type":"ImageObject","inLanguage":"sr-RS","@id":"https:\/\/activ.at\/sr\/nasi-partneri\/#primaryimage","url":"https:\/\/activ.at\/wp-content\/uploads\/2018\/01\/P_Sami_Rahim-4099-4.jpg","contentUrl":"https:\/\/activ.at\/wp-content\/uploads\/2018\/01\/P_Sami_Rahim-4099-4.jpg","width":4032,"height":2192},{"@type":"BreadcrumbList","@id":"https:\/\/activ.at\/sr\/nasi-partneri\/#breadcrumb","itemListElement":[{"@type":"ListItem","position":1,"name":"Home","item":"https:\/\/activ.at\/sr\/"},{"@type":"ListItem","position":2,"name":"Na\u0161i partneri"}]},{"@type":"WebSite","@id":"https:\/\/activ.at\/sr\/#website","url":"https:\/\/activ.at\/sr\/","name":"Activ","description":"Project Management GmbH","publisher":{"@id":"https:\/\/activ.at\/sr\/#organization"},"potentialAction":[{"@type":"SearchAction","target":{"@type":"EntryPoint","urlTemplate":"https:\/\/activ.at\/sr\/?s={search_term_string}"},"query-input":{"@type":"PropertyValueSpecification","valueRequired":true,"valueName":"search_term_string"}}],"inLanguage":"sr-RS"},{"@type":"Organization","@id":"https:\/\/activ.at\/sr\/#organization","name":"Activ Project Management GmbH","url":"https:\/\/activ.at\/sr\/","logo":{"@type":"ImageObject","inLanguage":"sr-RS","@id":"https:\/\/activ.at\/sr\/#\/schema\/logo\/image\/","url":"https:\/\/activ.at\/wp-content\/uploads\/2018\/01\/activ-01_beli.png","contentUrl":"https:\/\/activ.at\/wp-content\/uploads\/2018\/01\/activ-01_beli.png","width":454,"height":125,"caption":"Activ Project Management GmbH"},"image":{"@id":"https:\/\/activ.at\/sr\/#\/schema\/logo\/image\/"}}]}},"_links":{"self":[{"href":"https:\/\/activ.at\/sr\/wp-json\/wp\/v2\/pages\/2125","targetHints":{"allow":["GET"]}}],"collection":[{"href":"https:\/\/activ.at\/sr\/wp-json\/wp\/v2\/pages"}],"about":[{"href":"https:\/\/activ.at\/sr\/wp-json\/wp\/v2\/types\/page"}],"author":[{"embeddable":true,"href":"https:\/\/activ.at\/sr\/wp-json\/wp\/v2\/users\/1"}],"replies":[{"embeddable":true,"href":"https:\/\/activ.at\/sr\/wp-json\/wp\/v2\/comments?post=2125"}],"version-history":[{"count":5,"href":"https:\/\/activ.at\/sr\/wp-json\/wp\/v2\/pages\/2125\/revisions"}],"predecessor-version":[{"id":2373,"href":"https:\/\/activ.at\/sr\/wp-json\/wp\/v2\/pages\/2125\/revisions\/2373"}],"wp:featuredmedia":[{"embeddable":true,"href":"https:\/\/activ.at\/sr\/wp-json\/wp\/v2\/media\/2127"}],"wp:attachment":[{"href":"https:\/\/activ.at\/sr\/wp-json\/wp\/v2\/media?parent=2125"}],"curies":[{"name":"wp","href":"https:\/\/api.w.org\/{rel}","templated":true}]}}