{"id":1887,"date":"2017-12-07T10:46:36","date_gmt":"2017-12-07T09:46:36","guid":{"rendered":"https:\/\/activ.at\/ueber-activ\/"},"modified":"2024-10-28T15:21:36","modified_gmt":"2024-10-28T14:21:36","slug":"o-activu","status":"publish","type":"page","link":"https:\/\/activ.at\/sr\/o-activu\/","title":{"rendered":"O Activu"},"content":{"rendered":"","protected":false},"excerpt":{"rendered":"","protected":false},"author":1,"featured_media":4618,"parent":0,"menu_order":0,"comment_status":"closed","ping_status":"closed","template":"template-uber-uns.php","meta":{"_acf_changed":false,"footnotes":""},"class_list":["post-1887","page","type-page","status-publish","has-post-thumbnail","hentry"],"acf":[],"yoast_head":"<!-- This site is optimized with the Yoast SEO plugin v27.5 - https:\/\/yoast.com\/product\/yoast-seo-wordpress\/ -->\n<title>ACTIV | Ihr Partner f\u00fcr Energie- &amp; Schiffbaul\u00f6sungen<\/title>\n<meta name=\"description\" content=\"Wir kennen die Menschen und Kulturen in S\u00fcdosteuropa und realisieren individuelle Projektvorhaben. Lernen Sie uns kennen!\" \/>\n<meta name=\"robots\" content=\"index, follow, max-snippet:-1, max-image-preview:large, max-video-preview:-1\" \/>\n<link rel=\"canonical\" href=\"https:\/\/activ.at\/sr\/o-activu\/\" \/>\n<meta property=\"og:locale\" content=\"sr_RS\" \/>\n<meta property=\"og:type\" content=\"article\" \/>\n<meta property=\"og:title\" content=\"ACTIV | Ihr Partner f\u00fcr Energie- &amp; Schiffbaul\u00f6sungen\" \/>\n<meta property=\"og:description\" content=\"Wir kennen die Menschen und Kulturen in S\u00fcdosteuropa und realisieren individuelle Projektvorhaben. Lernen Sie uns kennen!\" \/>\n<meta property=\"og:url\" content=\"https:\/\/activ.at\/sr\/o-activu\/\" \/>\n<meta property=\"og:site_name\" content=\"Activ\" \/>\n<meta property=\"article:modified_time\" content=\"2024-10-28T14:21:36+00:00\" \/>\n<meta property=\"og:image\" content=\"https:\/\/activ.at\/wp-content\/uploads\/2022\/06\/20220401-Activ-300046-1HiRes-4.jpg\" \/>\n\t<meta property=\"og:image:width\" content=\"1920\" \/>\n\t<meta property=\"og:image:height\" content=\"960\" \/>\n\t<meta property=\"og:image:type\" content=\"image\/jpeg\" \/>\n<meta name=\"twitter:card\" content=\"summary_large_image\" \/>\n<meta name=\"twitter:label1\" content=\"\u041f\u0440\u043e\u0446\u0435\u045a\u0435\u043d\u043e \u0432\u0440\u0435\u043c\u0435 \u0447\u0438\u0442\u0430\u045a\u0430\" \/>\n\t<meta name=\"twitter:data1\" content=\"1 \u043c\u0438\u043d\u0443\u0442\" \/>\n<script type=\"application\/ld+json\" class=\"yoast-schema-graph\">{\"@context\":\"https:\\\/\\\/schema.org\",\"@graph\":[{\"@type\":\"WebPage\",\"@id\":\"https:\\\/\\\/activ.at\\\/sr\\\/o-activu\\\/\",\"url\":\"https:\\\/\\\/activ.at\\\/sr\\\/o-activu\\\/\",\"name\":\"ACTIV | Ihr Partner f\u00fcr Energie- & Schiffbaul\u00f6sungen\",\"isPartOf\":{\"@id\":\"https:\\\/\\\/activ.at\\\/sr\\\/#website\"},\"primaryImageOfPage\":{\"@id\":\"https:\\\/\\\/activ.at\\\/sr\\\/o-activu\\\/#primaryimage\"},\"image\":{\"@id\":\"https:\\\/\\\/activ.at\\\/sr\\\/o-activu\\\/#primaryimage\"},\"thumbnailUrl\":\"https:\\\/\\\/activ.at\\\/wp-content\\\/uploads\\\/2022\\\/06\\\/20220401-Activ-300046-1HiRes-4.jpg\",\"datePublished\":\"2017-12-07T09:46:36+00:00\",\"dateModified\":\"2024-10-28T14:21:36+00:00\",\"description\":\"Wir kennen die Menschen und Kulturen in S\u00fcdosteuropa und realisieren individuelle Projektvorhaben. Lernen Sie uns kennen!\",\"breadcrumb\":{\"@id\":\"https:\\\/\\\/activ.at\\\/sr\\\/o-activu\\\/#breadcrumb\"},\"inLanguage\":\"sr-RS\",\"potentialAction\":[{\"@type\":\"ReadAction\",\"target\":[\"https:\\\/\\\/activ.at\\\/sr\\\/o-activu\\\/\"]}]},{\"@type\":\"ImageObject\",\"inLanguage\":\"sr-RS\",\"@id\":\"https:\\\/\\\/activ.at\\\/sr\\\/o-activu\\\/#primaryimage\",\"url\":\"https:\\\/\\\/activ.at\\\/wp-content\\\/uploads\\\/2022\\\/06\\\/20220401-Activ-300046-1HiRes-4.jpg\",\"contentUrl\":\"https:\\\/\\\/activ.at\\\/wp-content\\\/uploads\\\/2022\\\/06\\\/20220401-Activ-300046-1HiRes-4.jpg\",\"width\":1920,\"height\":960},{\"@type\":\"BreadcrumbList\",\"@id\":\"https:\\\/\\\/activ.at\\\/sr\\\/o-activu\\\/#breadcrumb\",\"itemListElement\":[{\"@type\":\"ListItem\",\"position\":1,\"name\":\"Home\",\"item\":\"https:\\\/\\\/activ.at\\\/sr\\\/\"},{\"@type\":\"ListItem\",\"position\":2,\"name\":\"O Activu\"}]},{\"@type\":\"WebSite\",\"@id\":\"https:\\\/\\\/activ.at\\\/sr\\\/#website\",\"url\":\"https:\\\/\\\/activ.at\\\/sr\\\/\",\"name\":\"Activ\",\"description\":\"Project Management GmbH\",\"publisher\":{\"@id\":\"https:\\\/\\\/activ.at\\\/sr\\\/#organization\"},\"potentialAction\":[{\"@type\":\"SearchAction\",\"target\":{\"@type\":\"EntryPoint\",\"urlTemplate\":\"https:\\\/\\\/activ.at\\\/sr\\\/?s={search_term_string}\"},\"query-input\":{\"@type\":\"PropertyValueSpecification\",\"valueRequired\":true,\"valueName\":\"search_term_string\"}}],\"inLanguage\":\"sr-RS\"},{\"@type\":\"Organization\",\"@id\":\"https:\\\/\\\/activ.at\\\/sr\\\/#organization\",\"name\":\"Activ Project Management GmbH\",\"url\":\"https:\\\/\\\/activ.at\\\/sr\\\/\",\"logo\":{\"@type\":\"ImageObject\",\"inLanguage\":\"sr-RS\",\"@id\":\"https:\\\/\\\/activ.at\\\/sr\\\/#\\\/schema\\\/logo\\\/image\\\/\",\"url\":\"https:\\\/\\\/activ.at\\\/wp-content\\\/uploads\\\/2018\\\/01\\\/activ-01_beli.png\",\"contentUrl\":\"https:\\\/\\\/activ.at\\\/wp-content\\\/uploads\\\/2018\\\/01\\\/activ-01_beli.png\",\"width\":454,\"height\":125,\"caption\":\"Activ Project Management GmbH\"},\"image\":{\"@id\":\"https:\\\/\\\/activ.at\\\/sr\\\/#\\\/schema\\\/logo\\\/image\\\/\"}}]}<\/script>\n<!-- \/ Yoast SEO plugin. -->","yoast_head_json":{"title":"ACTIV | Ihr Partner f\u00fcr Energie- & Schiffbaul\u00f6sungen","description":"Wir kennen die Menschen und Kulturen in S\u00fcdosteuropa und realisieren individuelle Projektvorhaben. Lernen Sie uns kennen!","robots":{"index":"index","follow":"follow","max-snippet":"max-snippet:-1","max-image-preview":"max-image-preview:large","max-video-preview":"max-video-preview:-1"},"canonical":"https:\/\/activ.at\/sr\/o-activu\/","og_locale":"sr_RS","og_type":"article","og_title":"ACTIV | Ihr Partner f\u00fcr Energie- & Schiffbaul\u00f6sungen","og_description":"Wir kennen die Menschen und Kulturen in S\u00fcdosteuropa und realisieren individuelle Projektvorhaben. Lernen Sie uns kennen!","og_url":"https:\/\/activ.at\/sr\/o-activu\/","og_site_name":"Activ","article_modified_time":"2024-10-28T14:21:36+00:00","og_image":[{"width":1920,"height":960,"url":"https:\/\/activ.at\/wp-content\/uploads\/2022\/06\/20220401-Activ-300046-1HiRes-4.jpg","type":"image\/jpeg"}],"twitter_card":"summary_large_image","twitter_misc":{"\u041f\u0440\u043e\u0446\u0435\u045a\u0435\u043d\u043e \u0432\u0440\u0435\u043c\u0435 \u0447\u0438\u0442\u0430\u045a\u0430":"1 \u043c\u0438\u043d\u0443\u0442"},"schema":{"@context":"https:\/\/schema.org","@graph":[{"@type":"WebPage","@id":"https:\/\/activ.at\/sr\/o-activu\/","url":"https:\/\/activ.at\/sr\/o-activu\/","name":"ACTIV | Ihr Partner f\u00fcr Energie- & Schiffbaul\u00f6sungen","isPartOf":{"@id":"https:\/\/activ.at\/sr\/#website"},"primaryImageOfPage":{"@id":"https:\/\/activ.at\/sr\/o-activu\/#primaryimage"},"image":{"@id":"https:\/\/activ.at\/sr\/o-activu\/#primaryimage"},"thumbnailUrl":"https:\/\/activ.at\/wp-content\/uploads\/2022\/06\/20220401-Activ-300046-1HiRes-4.jpg","datePublished":"2017-12-07T09:46:36+00:00","dateModified":"2024-10-28T14:21:36+00:00","description":"Wir kennen die Menschen und Kulturen in S\u00fcdosteuropa und realisieren individuelle Projektvorhaben. Lernen Sie uns kennen!","breadcrumb":{"@id":"https:\/\/activ.at\/sr\/o-activu\/#breadcrumb"},"inLanguage":"sr-RS","potentialAction":[{"@type":"ReadAction","target":["https:\/\/activ.at\/sr\/o-activu\/"]}]},{"@type":"ImageObject","inLanguage":"sr-RS","@id":"https:\/\/activ.at\/sr\/o-activu\/#primaryimage","url":"https:\/\/activ.at\/wp-content\/uploads\/2022\/06\/20220401-Activ-300046-1HiRes-4.jpg","contentUrl":"https:\/\/activ.at\/wp-content\/uploads\/2022\/06\/20220401-Activ-300046-1HiRes-4.jpg","width":1920,"height":960},{"@type":"BreadcrumbList","@id":"https:\/\/activ.at\/sr\/o-activu\/#breadcrumb","itemListElement":[{"@type":"ListItem","position":1,"name":"Home","item":"https:\/\/activ.at\/sr\/"},{"@type":"ListItem","position":2,"name":"O Activu"}]},{"@type":"WebSite","@id":"https:\/\/activ.at\/sr\/#website","url":"https:\/\/activ.at\/sr\/","name":"Activ","description":"Project Management GmbH","publisher":{"@id":"https:\/\/activ.at\/sr\/#organization"},"potentialAction":[{"@type":"SearchAction","target":{"@type":"EntryPoint","urlTemplate":"https:\/\/activ.at\/sr\/?s={search_term_string}"},"query-input":{"@type":"PropertyValueSpecification","valueRequired":true,"valueName":"search_term_string"}}],"inLanguage":"sr-RS"},{"@type":"Organization","@id":"https:\/\/activ.at\/sr\/#organization","name":"Activ Project Management GmbH","url":"https:\/\/activ.at\/sr\/","logo":{"@type":"ImageObject","inLanguage":"sr-RS","@id":"https:\/\/activ.at\/sr\/#\/schema\/logo\/image\/","url":"https:\/\/activ.at\/wp-content\/uploads\/2018\/01\/activ-01_beli.png","contentUrl":"https:\/\/activ.at\/wp-content\/uploads\/2018\/01\/activ-01_beli.png","width":454,"height":125,"caption":"Activ Project Management GmbH"},"image":{"@id":"https:\/\/activ.at\/sr\/#\/schema\/logo\/image\/"}}]}},"_links":{"self":[{"href":"https:\/\/activ.at\/sr\/wp-json\/wp\/v2\/pages\/1887","targetHints":{"allow":["GET"]}}],"collection":[{"href":"https:\/\/activ.at\/sr\/wp-json\/wp\/v2\/pages"}],"about":[{"href":"https:\/\/activ.at\/sr\/wp-json\/wp\/v2\/types\/page"}],"author":[{"embeddable":true,"href":"https:\/\/activ.at\/sr\/wp-json\/wp\/v2\/users\/1"}],"replies":[{"embeddable":true,"href":"https:\/\/activ.at\/sr\/wp-json\/wp\/v2\/comments?post=1887"}],"version-history":[{"count":23,"href":"https:\/\/activ.at\/sr\/wp-json\/wp\/v2\/pages\/1887\/revisions"}],"predecessor-version":[{"id":5846,"href":"https:\/\/activ.at\/sr\/wp-json\/wp\/v2\/pages\/1887\/revisions\/5846"}],"wp:featuredmedia":[{"embeddable":true,"href":"https:\/\/activ.at\/sr\/wp-json\/wp\/v2\/media\/4618"}],"wp:attachment":[{"href":"https:\/\/activ.at\/sr\/wp-json\/wp\/v2\/media?parent=1887"}],"curies":[{"name":"wp","href":"https:\/\/api.w.org\/{rel}","templated":true}]}}