{"id":1825,"date":"2017-10-20T07:49:35","date_gmt":"2017-10-20T07:49:35","guid":{"rendered":"https:\/\/activ.at\/activ\/"},"modified":"2023-06-02T10:34:15","modified_gmt":"2023-06-02T09:34:15","slug":"activ","status":"publish","type":"page","link":"https:\/\/activ.at\/sr\/","title":{"rendered":"Naslovna"},"content":{"rendered":"","protected":false},"excerpt":{"rendered":"","protected":false},"author":1,"featured_media":0,"parent":0,"menu_order":0,"comment_status":"closed","ping_status":"open","template":"template-homepage.php","meta":{"_acf_changed":false,"footnotes":""},"class_list":["post-1825","page","type-page","status-publish","hentry"],"acf":[],"yoast_head":"<!-- This site is optimized with the Yoast SEO plugin v27.2 - https:\/\/yoast.com\/product\/yoast-seo-wordpress\/ -->\n<title>ACTIV Project Management | Die S\u00fcdosteuropa Experten<\/title>\n<meta name=\"description\" content=\"ACTIV Project Management ist Ihr Experte f\u00fcr thermische Kraftwerke in S\u00fcdosteuropa und Partner f\u00fcr Schiffbaul\u00f6sungen. Kontaktieren Sie uns!\" \/>\n<meta name=\"robots\" content=\"index, follow, max-snippet:-1, max-image-preview:large, max-video-preview:-1\" \/>\n<link rel=\"canonical\" href=\"https:\/\/activ.at\/sr\/\" \/>\n<meta property=\"og:locale\" content=\"sr_RS\" \/>\n<meta property=\"og:type\" content=\"article\" \/>\n<meta property=\"og:title\" content=\"ACTIV Project Management | Die S\u00fcdosteuropa Experten\" \/>\n<meta property=\"og:description\" content=\"ACTIV Project Management ist Ihr Experte f\u00fcr thermische Kraftwerke in S\u00fcdosteuropa und Partner f\u00fcr Schiffbaul\u00f6sungen. Kontaktieren Sie uns!\" \/>\n<meta property=\"og:url\" content=\"https:\/\/activ.at\/sr\/\" \/>\n<meta property=\"og:site_name\" content=\"Activ\" \/>\n<meta property=\"article:modified_time\" content=\"2023-06-02T09:34:15+00:00\" \/>\n<meta name=\"twitter:card\" content=\"summary_large_image\" \/>\n<script type=\"application\/ld+json\" class=\"yoast-schema-graph\">{\"@context\":\"https:\/\/schema.org\",\"@graph\":[{\"@type\":\"WebPage\",\"@id\":\"https:\/\/activ.at\/sr\/\",\"url\":\"https:\/\/activ.at\/sr\/\",\"name\":\"ACTIV Project Management | Die S\u00fcdosteuropa Experten\",\"isPartOf\":{\"@id\":\"https:\/\/activ.at\/sr\/#website\"},\"datePublished\":\"2017-10-20T07:49:35+00:00\",\"dateModified\":\"2023-06-02T09:34:15+00:00\",\"description\":\"ACTIV Project Management ist Ihr Experte f\u00fcr thermische Kraftwerke in S\u00fcdosteuropa und Partner f\u00fcr Schiffbaul\u00f6sungen. Kontaktieren Sie uns!\",\"breadcrumb\":{\"@id\":\"https:\/\/activ.at\/sr\/#breadcrumb\"},\"inLanguage\":\"sr-RS\",\"potentialAction\":[{\"@type\":\"ReadAction\",\"target\":[\"https:\/\/activ.at\/sr\/\"]}]},{\"@type\":\"BreadcrumbList\",\"@id\":\"https:\/\/activ.at\/sr\/#breadcrumb\",\"itemListElement\":[{\"@type\":\"ListItem\",\"position\":1,\"name\":\"Home\",\"item\":\"https:\/\/activ.at\/sr\/\"},{\"@type\":\"ListItem\",\"position\":2,\"name\":\"Naslovna\"}]},{\"@type\":\"WebSite\",\"@id\":\"https:\/\/activ.at\/sr\/#website\",\"url\":\"https:\/\/activ.at\/sr\/\",\"name\":\"Activ\",\"description\":\"Project Management GmbH\",\"publisher\":{\"@id\":\"https:\/\/activ.at\/sr\/#organization\"},\"potentialAction\":[{\"@type\":\"SearchAction\",\"target\":{\"@type\":\"EntryPoint\",\"urlTemplate\":\"https:\/\/activ.at\/sr\/?s={search_term_string}\"},\"query-input\":{\"@type\":\"PropertyValueSpecification\",\"valueRequired\":true,\"valueName\":\"search_term_string\"}}],\"inLanguage\":\"sr-RS\"},{\"@type\":\"Organization\",\"@id\":\"https:\/\/activ.at\/sr\/#organization\",\"name\":\"Activ Project Management GmbH\",\"url\":\"https:\/\/activ.at\/sr\/\",\"logo\":{\"@type\":\"ImageObject\",\"inLanguage\":\"sr-RS\",\"@id\":\"https:\/\/activ.at\/sr\/#\/schema\/logo\/image\/\",\"url\":\"https:\/\/activ.at\/wp-content\/uploads\/2018\/01\/activ-01_beli.png\",\"contentUrl\":\"https:\/\/activ.at\/wp-content\/uploads\/2018\/01\/activ-01_beli.png\",\"width\":454,\"height\":125,\"caption\":\"Activ Project Management GmbH\"},\"image\":{\"@id\":\"https:\/\/activ.at\/sr\/#\/schema\/logo\/image\/\"}}]}<\/script>\n<!-- \/ Yoast SEO plugin. -->","yoast_head_json":{"title":"ACTIV Project Management | Die S\u00fcdosteuropa Experten","description":"ACTIV Project Management ist Ihr Experte f\u00fcr thermische Kraftwerke in S\u00fcdosteuropa und Partner f\u00fcr Schiffbaul\u00f6sungen. Kontaktieren Sie uns!","robots":{"index":"index","follow":"follow","max-snippet":"max-snippet:-1","max-image-preview":"max-image-preview:large","max-video-preview":"max-video-preview:-1"},"canonical":"https:\/\/activ.at\/sr\/","og_locale":"sr_RS","og_type":"article","og_title":"ACTIV Project Management | Die S\u00fcdosteuropa Experten","og_description":"ACTIV Project Management ist Ihr Experte f\u00fcr thermische Kraftwerke in S\u00fcdosteuropa und Partner f\u00fcr Schiffbaul\u00f6sungen. Kontaktieren Sie uns!","og_url":"https:\/\/activ.at\/sr\/","og_site_name":"Activ","article_modified_time":"2023-06-02T09:34:15+00:00","twitter_card":"summary_large_image","schema":{"@context":"https:\/\/schema.org","@graph":[{"@type":"WebPage","@id":"https:\/\/activ.at\/sr\/","url":"https:\/\/activ.at\/sr\/","name":"ACTIV Project Management | Die S\u00fcdosteuropa Experten","isPartOf":{"@id":"https:\/\/activ.at\/sr\/#website"},"datePublished":"2017-10-20T07:49:35+00:00","dateModified":"2023-06-02T09:34:15+00:00","description":"ACTIV Project Management ist Ihr Experte f\u00fcr thermische Kraftwerke in S\u00fcdosteuropa und Partner f\u00fcr Schiffbaul\u00f6sungen. Kontaktieren Sie uns!","breadcrumb":{"@id":"https:\/\/activ.at\/sr\/#breadcrumb"},"inLanguage":"sr-RS","potentialAction":[{"@type":"ReadAction","target":["https:\/\/activ.at\/sr\/"]}]},{"@type":"BreadcrumbList","@id":"https:\/\/activ.at\/sr\/#breadcrumb","itemListElement":[{"@type":"ListItem","position":1,"name":"Home","item":"https:\/\/activ.at\/sr\/"},{"@type":"ListItem","position":2,"name":"Naslovna"}]},{"@type":"WebSite","@id":"https:\/\/activ.at\/sr\/#website","url":"https:\/\/activ.at\/sr\/","name":"Activ","description":"Project Management GmbH","publisher":{"@id":"https:\/\/activ.at\/sr\/#organization"},"potentialAction":[{"@type":"SearchAction","target":{"@type":"EntryPoint","urlTemplate":"https:\/\/activ.at\/sr\/?s={search_term_string}"},"query-input":{"@type":"PropertyValueSpecification","valueRequired":true,"valueName":"search_term_string"}}],"inLanguage":"sr-RS"},{"@type":"Organization","@id":"https:\/\/activ.at\/sr\/#organization","name":"Activ Project Management GmbH","url":"https:\/\/activ.at\/sr\/","logo":{"@type":"ImageObject","inLanguage":"sr-RS","@id":"https:\/\/activ.at\/sr\/#\/schema\/logo\/image\/","url":"https:\/\/activ.at\/wp-content\/uploads\/2018\/01\/activ-01_beli.png","contentUrl":"https:\/\/activ.at\/wp-content\/uploads\/2018\/01\/activ-01_beli.png","width":454,"height":125,"caption":"Activ Project Management GmbH"},"image":{"@id":"https:\/\/activ.at\/sr\/#\/schema\/logo\/image\/"}}]}},"_links":{"self":[{"href":"https:\/\/activ.at\/sr\/wp-json\/wp\/v2\/pages\/1825","targetHints":{"allow":["GET"]}}],"collection":[{"href":"https:\/\/activ.at\/sr\/wp-json\/wp\/v2\/pages"}],"about":[{"href":"https:\/\/activ.at\/sr\/wp-json\/wp\/v2\/types\/page"}],"author":[{"embeddable":true,"href":"https:\/\/activ.at\/sr\/wp-json\/wp\/v2\/users\/1"}],"replies":[{"embeddable":true,"href":"https:\/\/activ.at\/sr\/wp-json\/wp\/v2\/comments?post=1825"}],"version-history":[{"count":27,"href":"https:\/\/activ.at\/sr\/wp-json\/wp\/v2\/pages\/1825\/revisions"}],"predecessor-version":[{"id":5179,"href":"https:\/\/activ.at\/sr\/wp-json\/wp\/v2\/pages\/1825\/revisions\/5179"}],"wp:attachment":[{"href":"https:\/\/activ.at\/sr\/wp-json\/wp\/v2\/media?parent=1825"}],"curies":[{"name":"wp","href":"https:\/\/api.w.org\/{rel}","templated":true}]}}