{"id":2876,"date":"2018-01-16T09:15:28","date_gmt":"2018-01-16T08:15:28","guid":{"rendered":"https:\/\/activ.at\/energieloesungen\/"},"modified":"2022-05-17T15:52:24","modified_gmt":"2022-05-17T14:52:24","slug":"energetska-rjesenja","status":"publish","type":"page","link":"https:\/\/activ.at\/hr\/energetska-rjesenja\/","title":{"rendered":"Energetska rje\u0161enja"},"content":{"rendered":"","protected":false},"excerpt":{"rendered":"","protected":false},"author":1,"featured_media":2640,"parent":0,"menu_order":0,"comment_status":"closed","ping_status":"closed","template":"template-energie.php","meta":{"_acf_changed":false,"footnotes":""},"class_list":["post-2876","page","type-page","status-publish","has-post-thumbnail","hentry"],"acf":[],"yoast_head":"<!-- This site is optimized with the Yoast SEO plugin v27.5 - https:\/\/yoast.com\/product\/yoast-seo-wordpress\/ -->\n<title>Energetska rje\u0161enja - Activ<\/title>\n<meta name=\"description\" content=\"Nachhaltige L\u00f6sungen und zukunftsweisende Technologien f\u00fcr W\u00e4rmekraftwerke in S\u00fcdosteuropa.\" \/>\n<meta name=\"robots\" content=\"index, follow, max-snippet:-1, max-image-preview:large, max-video-preview:-1\" \/>\n<link rel=\"canonical\" href=\"https:\/\/activ.at\/hr\/energetska-rjesenja\/\" \/>\n<meta property=\"og:locale\" content=\"hr_HR\" \/>\n<meta property=\"og:type\" content=\"article\" \/>\n<meta property=\"og:title\" content=\"Energetska rje\u0161enja - Activ\" \/>\n<meta property=\"og:description\" content=\"Nachhaltige L\u00f6sungen und zukunftsweisende Technologien f\u00fcr W\u00e4rmekraftwerke in S\u00fcdosteuropa.\" \/>\n<meta property=\"og:url\" content=\"https:\/\/activ.at\/hr\/energetska-rjesenja\/\" \/>\n<meta property=\"og:site_name\" content=\"Activ\" \/>\n<meta property=\"article:modified_time\" content=\"2022-05-17T14:52:24+00:00\" \/>\n<meta property=\"og:image\" content=\"https:\/\/activ.at\/wp-content\/uploads\/2018\/01\/Neurath_DSC_3835_ZA-BANNER-PRI-ENERGETIKI-1.jpg\" \/>\n\t<meta property=\"og:image:width\" content=\"2835\" \/>\n\t<meta property=\"og:image:height\" content=\"1594\" \/>\n\t<meta property=\"og:image:type\" content=\"image\/jpeg\" \/>\n<meta name=\"twitter:card\" content=\"summary_large_image\" \/>\n<script type=\"application\/ld+json\" class=\"yoast-schema-graph\">{\"@context\":\"https:\\\/\\\/schema.org\",\"@graph\":[{\"@type\":\"WebPage\",\"@id\":\"https:\\\/\\\/activ.at\\\/hr\\\/energetska-rjesenja\\\/\",\"url\":\"https:\\\/\\\/activ.at\\\/hr\\\/energetska-rjesenja\\\/\",\"name\":\"Energetska rje\u0161enja - Activ\",\"isPartOf\":{\"@id\":\"https:\\\/\\\/activ.at\\\/hr\\\/#website\"},\"primaryImageOfPage\":{\"@id\":\"https:\\\/\\\/activ.at\\\/hr\\\/energetska-rjesenja\\\/#primaryimage\"},\"image\":{\"@id\":\"https:\\\/\\\/activ.at\\\/hr\\\/energetska-rjesenja\\\/#primaryimage\"},\"thumbnailUrl\":\"https:\\\/\\\/activ.at\\\/wp-content\\\/uploads\\\/2018\\\/01\\\/Neurath_DSC_3835_ZA-BANNER-PRI-ENERGETIKI-1.jpg\",\"datePublished\":\"2018-01-16T08:15:28+00:00\",\"dateModified\":\"2022-05-17T14:52:24+00:00\",\"description\":\"Nachhaltige L\u00f6sungen und zukunftsweisende Technologien f\u00fcr W\u00e4rmekraftwerke in S\u00fcdosteuropa.\",\"breadcrumb\":{\"@id\":\"https:\\\/\\\/activ.at\\\/hr\\\/energetska-rjesenja\\\/#breadcrumb\"},\"inLanguage\":\"hr\",\"potentialAction\":[{\"@type\":\"ReadAction\",\"target\":[\"https:\\\/\\\/activ.at\\\/hr\\\/energetska-rjesenja\\\/\"]}]},{\"@type\":\"ImageObject\",\"inLanguage\":\"hr\",\"@id\":\"https:\\\/\\\/activ.at\\\/hr\\\/energetska-rjesenja\\\/#primaryimage\",\"url\":\"https:\\\/\\\/activ.at\\\/wp-content\\\/uploads\\\/2018\\\/01\\\/Neurath_DSC_3835_ZA-BANNER-PRI-ENERGETIKI-1.jpg\",\"contentUrl\":\"https:\\\/\\\/activ.at\\\/wp-content\\\/uploads\\\/2018\\\/01\\\/Neurath_DSC_3835_ZA-BANNER-PRI-ENERGETIKI-1.jpg\",\"width\":2835,\"height\":1594},{\"@type\":\"BreadcrumbList\",\"@id\":\"https:\\\/\\\/activ.at\\\/hr\\\/energetska-rjesenja\\\/#breadcrumb\",\"itemListElement\":[{\"@type\":\"ListItem\",\"position\":1,\"name\":\"Home\",\"item\":\"https:\\\/\\\/activ.at\\\/hr\\\/\"},{\"@type\":\"ListItem\",\"position\":2,\"name\":\"Energetska rje\u0161enja\"}]},{\"@type\":\"WebSite\",\"@id\":\"https:\\\/\\\/activ.at\\\/hr\\\/#website\",\"url\":\"https:\\\/\\\/activ.at\\\/hr\\\/\",\"name\":\"Activ\",\"description\":\"Project Management GmbH\",\"publisher\":{\"@id\":\"https:\\\/\\\/activ.at\\\/hr\\\/#organization\"},\"potentialAction\":[{\"@type\":\"SearchAction\",\"target\":{\"@type\":\"EntryPoint\",\"urlTemplate\":\"https:\\\/\\\/activ.at\\\/hr\\\/?s={search_term_string}\"},\"query-input\":{\"@type\":\"PropertyValueSpecification\",\"valueRequired\":true,\"valueName\":\"search_term_string\"}}],\"inLanguage\":\"hr\"},{\"@type\":\"Organization\",\"@id\":\"https:\\\/\\\/activ.at\\\/hr\\\/#organization\",\"name\":\"Activ Project Management GmbH\",\"url\":\"https:\\\/\\\/activ.at\\\/hr\\\/\",\"logo\":{\"@type\":\"ImageObject\",\"inLanguage\":\"hr\",\"@id\":\"https:\\\/\\\/activ.at\\\/hr\\\/#\\\/schema\\\/logo\\\/image\\\/\",\"url\":\"https:\\\/\\\/activ.at\\\/wp-content\\\/uploads\\\/2018\\\/01\\\/activ-01_beli.png\",\"contentUrl\":\"https:\\\/\\\/activ.at\\\/wp-content\\\/uploads\\\/2018\\\/01\\\/activ-01_beli.png\",\"width\":454,\"height\":125,\"caption\":\"Activ Project Management GmbH\"},\"image\":{\"@id\":\"https:\\\/\\\/activ.at\\\/hr\\\/#\\\/schema\\\/logo\\\/image\\\/\"}}]}<\/script>\n<!-- \/ Yoast SEO plugin. -->","yoast_head_json":{"title":"Energetska rje\u0161enja - Activ","description":"Nachhaltige L\u00f6sungen und zukunftsweisende Technologien f\u00fcr W\u00e4rmekraftwerke in S\u00fcdosteuropa.","robots":{"index":"index","follow":"follow","max-snippet":"max-snippet:-1","max-image-preview":"max-image-preview:large","max-video-preview":"max-video-preview:-1"},"canonical":"https:\/\/activ.at\/hr\/energetska-rjesenja\/","og_locale":"hr_HR","og_type":"article","og_title":"Energetska rje\u0161enja - Activ","og_description":"Nachhaltige L\u00f6sungen und zukunftsweisende Technologien f\u00fcr W\u00e4rmekraftwerke in S\u00fcdosteuropa.","og_url":"https:\/\/activ.at\/hr\/energetska-rjesenja\/","og_site_name":"Activ","article_modified_time":"2022-05-17T14:52:24+00:00","og_image":[{"width":2835,"height":1594,"url":"https:\/\/activ.at\/wp-content\/uploads\/2018\/01\/Neurath_DSC_3835_ZA-BANNER-PRI-ENERGETIKI-1.jpg","type":"image\/jpeg"}],"twitter_card":"summary_large_image","schema":{"@context":"https:\/\/schema.org","@graph":[{"@type":"WebPage","@id":"https:\/\/activ.at\/hr\/energetska-rjesenja\/","url":"https:\/\/activ.at\/hr\/energetska-rjesenja\/","name":"Energetska rje\u0161enja - Activ","isPartOf":{"@id":"https:\/\/activ.at\/hr\/#website"},"primaryImageOfPage":{"@id":"https:\/\/activ.at\/hr\/energetska-rjesenja\/#primaryimage"},"image":{"@id":"https:\/\/activ.at\/hr\/energetska-rjesenja\/#primaryimage"},"thumbnailUrl":"https:\/\/activ.at\/wp-content\/uploads\/2018\/01\/Neurath_DSC_3835_ZA-BANNER-PRI-ENERGETIKI-1.jpg","datePublished":"2018-01-16T08:15:28+00:00","dateModified":"2022-05-17T14:52:24+00:00","description":"Nachhaltige L\u00f6sungen und zukunftsweisende Technologien f\u00fcr W\u00e4rmekraftwerke in S\u00fcdosteuropa.","breadcrumb":{"@id":"https:\/\/activ.at\/hr\/energetska-rjesenja\/#breadcrumb"},"inLanguage":"hr","potentialAction":[{"@type":"ReadAction","target":["https:\/\/activ.at\/hr\/energetska-rjesenja\/"]}]},{"@type":"ImageObject","inLanguage":"hr","@id":"https:\/\/activ.at\/hr\/energetska-rjesenja\/#primaryimage","url":"https:\/\/activ.at\/wp-content\/uploads\/2018\/01\/Neurath_DSC_3835_ZA-BANNER-PRI-ENERGETIKI-1.jpg","contentUrl":"https:\/\/activ.at\/wp-content\/uploads\/2018\/01\/Neurath_DSC_3835_ZA-BANNER-PRI-ENERGETIKI-1.jpg","width":2835,"height":1594},{"@type":"BreadcrumbList","@id":"https:\/\/activ.at\/hr\/energetska-rjesenja\/#breadcrumb","itemListElement":[{"@type":"ListItem","position":1,"name":"Home","item":"https:\/\/activ.at\/hr\/"},{"@type":"ListItem","position":2,"name":"Energetska rje\u0161enja"}]},{"@type":"WebSite","@id":"https:\/\/activ.at\/hr\/#website","url":"https:\/\/activ.at\/hr\/","name":"Activ","description":"Project Management GmbH","publisher":{"@id":"https:\/\/activ.at\/hr\/#organization"},"potentialAction":[{"@type":"SearchAction","target":{"@type":"EntryPoint","urlTemplate":"https:\/\/activ.at\/hr\/?s={search_term_string}"},"query-input":{"@type":"PropertyValueSpecification","valueRequired":true,"valueName":"search_term_string"}}],"inLanguage":"hr"},{"@type":"Organization","@id":"https:\/\/activ.at\/hr\/#organization","name":"Activ Project Management GmbH","url":"https:\/\/activ.at\/hr\/","logo":{"@type":"ImageObject","inLanguage":"hr","@id":"https:\/\/activ.at\/hr\/#\/schema\/logo\/image\/","url":"https:\/\/activ.at\/wp-content\/uploads\/2018\/01\/activ-01_beli.png","contentUrl":"https:\/\/activ.at\/wp-content\/uploads\/2018\/01\/activ-01_beli.png","width":454,"height":125,"caption":"Activ Project Management GmbH"},"image":{"@id":"https:\/\/activ.at\/hr\/#\/schema\/logo\/image\/"}}]}},"_links":{"self":[{"href":"https:\/\/activ.at\/hr\/wp-json\/wp\/v2\/pages\/2876","targetHints":{"allow":["GET"]}}],"collection":[{"href":"https:\/\/activ.at\/hr\/wp-json\/wp\/v2\/pages"}],"about":[{"href":"https:\/\/activ.at\/hr\/wp-json\/wp\/v2\/types\/page"}],"author":[{"embeddable":true,"href":"https:\/\/activ.at\/hr\/wp-json\/wp\/v2\/users\/1"}],"replies":[{"embeddable":true,"href":"https:\/\/activ.at\/hr\/wp-json\/wp\/v2\/comments?post=2876"}],"version-history":[{"count":17,"href":"https:\/\/activ.at\/hr\/wp-json\/wp\/v2\/pages\/2876\/revisions"}],"predecessor-version":[{"id":4491,"href":"https:\/\/activ.at\/hr\/wp-json\/wp\/v2\/pages\/2876\/revisions\/4491"}],"wp:featuredmedia":[{"embeddable":true,"href":"https:\/\/activ.at\/hr\/wp-json\/wp\/v2\/media\/2640"}],"wp:attachment":[{"href":"https:\/\/activ.at\/hr\/wp-json\/wp\/v2\/media?parent=2876"}],"curies":[{"name":"wp","href":"https:\/\/api.w.org\/{rel}","templated":true}]}}