{"id":1628,"date":"2018-01-26T10:08:19","date_gmt":"2018-01-26T09:08:19","guid":{"rendered":"https:\/\/activ.at\/impressum\/"},"modified":"2022-02-15T12:24:16","modified_gmt":"2022-02-15T11:24:16","slug":"legal-information","status":"publish","type":"page","link":"https:\/\/activ.at\/en\/legal-information\/","title":{"rendered":"Legal information"},"content":{"rendered":"<p><strong>Responsible for content:<\/strong><br \/>\nAll photos, logos and texts on these pages are the property of ACTIV Project Management GmbH and its partners. The reproduction and\/or redistribution of the content provided here in any form whatsoever requires written permission.<\/p>\n<p><strong>Media owner, publisher and proprietor:<\/strong><br \/>\nACTIV Project Management GmbH<br \/>\nLiebenauer Hauptstr. 34 A-8041 Graz<\/p>\n<p>Tel.: +43 316 475 315<br \/>\nFax: +43 316 475 315 \u2013 34<br \/>\nE-mail: office@activ.at<br \/>\nInternet: <a href=\"http:\/\/www.activ.at\" target=\"_blank\" rel=\"noopener\">http:\/\/www.activ.at<\/a><\/p>\n<p><strong>Management:<\/strong><br \/>\nKR Benjamin Wakounig, Chief Executive Officer (CEO)<\/p>\n<p><strong>VAT ID:<\/strong> ATU28785204<br \/>\n<strong>Company number:<\/strong> FN39304a<br \/>\n<strong>Commercial register court:<\/strong> Regional court for ZRS Graz<br \/>\n<strong>Bank details:<\/strong><br \/>\n<strong>UniCredit Bank Austria AG <\/strong><br \/>\nIBAN: AT59 1100 0088 2596 0100<br \/>\nBIC (SWIFT): BKAUATWW<\/p>\n<p><strong>Competent supervisory authority:\u2028<\/strong><br \/>\nCity of Graz<\/p>\n<p><strong>Competent Chamber:<\/strong><br \/>\nStyrian Chamber of Commerce<\/p>\n<p><strong>Professional law:<\/strong><br \/>\nTrade regulations: : <a href=\"http:\/\/www.ris.bka.gv.at\" target=\"_blank\" rel=\"noopener\">www.ris.bka.gv.at<\/a><\/p>\n<p>Consumers have the opportunity to lodge complaints with the EU\u2019s online dispute settlement platform:<a href=\"https:\/\/ec.europa.eu\/consumers\/odr\/main\/index.cfm?event=main.home.chooseLanguage\" target=\"_blank\" rel=\"noopener\"> https:\/\/ec.europa.eu\/consumers\/odr<\/a><br \/>\nYou can also address any complaint to the e-mail address shown above.<\/p>\n<p><strong>Company information according to ECG<\/strong> <a href=\"https:\/\/firmen.wko.at\/Web\/DetailsKontakt.aspx?CompanyID=ece67d45-23de-4b1f-94f5-bf7b9917a2a2&amp;StandortID=89&amp;StandortName=graz&amp;Suchbegriff=activ&amp;Page=1\" target=\"_blank\" rel=\"noopener\">https:\/\/firmen.wko.at\/<\/a><\/p>\n<p><strong> Urheberrecht<\/strong><br \/>\n\u00a9 Copyright 2018 &#8211; ACTIV Project Management GmbH<\/p>\n<p>Der Inhalt dieser Webseite ist urheberrechtlich gesch\u00fctzt. Jede den Bestimmungen des Urheberrechtsgesetzes widersprechende Verwendung jeglicher Inhalte dieser Webseiten, insbesondere die weitergehende Nutzung, wie beispielsweise die Ver\u00f6ffentlichung, Vervielf\u00e4ltigung und jede Form von gewerblicher Nutzung, sowie die Weitergabe an Dritte, auch in Teilen oder in \u00fcberarbeiteter Form, ist ohne ausdr\u00fcckliche Zustimmung des Autors untersagt. Davon ausgenommen sind ausdr\u00fccklich zum Download gekennzeichnete Dateien.<\/p>\n<p><strong> Haftung:<\/strong><br \/>\nDie Informationen dieser Webseiten k\u00f6nnen ohne vorherige Ank\u00fcndigung ge\u00e4ndert, entfernt oder erg\u00e4nzt werden. Das Unternehmen ACTIV Project Management GmbH kann daher keine Garantie f\u00fcr die Korrektheit, Vollst\u00e4ndigkeit oder Qualit\u00e4t und letzte Aktualit\u00e4t der bereitgestellten Informationen geben. Der Herausgeber der Webseite, die ACTIV Project Management GmbH, haftet nicht f\u00fcr direkte oder indirekte Sch\u00e4den, einschlie\u00dflich entgangenen Gewinns, die mit der Nutzung des Informations- und Funktionsangebots dieser Webseite in Verbindung gebracht werden k\u00f6nnen. Dies gilt insbesondere auch f\u00fcr die ausgewiesenen Links zu anderen Webseiten, auf die die ACTIV Project Management GmbH keinen Einfluss hat und f\u00fcr deren Inhalt keine Verantwortung \u00fcbernommen werden kann.<\/p>\n<p><strong>Concept, design and implementation:<\/strong><br \/>\nWedesignstuff <sup>TM<\/sup>, <a href=\"http:\/\/www.wds.si\" target=\"_blank\" rel=\"noopener\">www.wds.si<\/a><\/p>\n<p><strong>Photo credits:<\/strong><br \/>\nSami Rahim, <a href=\"http:\/\/www.samirahim.com\" target=\"_blank\" rel=\"noopener\">www.samirahim.com<\/a><\/p>\n<p>\u00a9 Mitsubishi Power Europe GmbH (MPWE):<br \/>\n\u2022 Home\/A selection of our projects: The photo at the TENT Obrenovac A power plant in Serbia: Upgrading of mills and NOx modification<br \/>\n\u2022 Energy solutions: The banner and gallery at the presentation of MPWE.<br \/>\n\u2022 News: The image for the new<strong>s <\/strong>of 16.10.2017: MPW Europe customer day a complete success.<\/p>\n<p>\u00a9 Rosink-Werkst\u00e4tten GmbH:<br \/>\n\u2022 Energy solutions: The gallery at the presentation of Rosink-Werkst\u00e4tten GmbH.<\/p>\n<p>\u00a9 Elektroprivreda Srbije, Ogranak TENT Belgrade \u2013 Obrenovac:<br \/>\n\u2022 Home\/A selection of our projects: The image at the TENT power plant Obrenovac, Serbia: Flue gas desulphurisation (FGD)<br \/>\n\u2022 References\/power plants, Serbia: The image at the \u201cNikola Tesla A\u201d power plant Obrenovac.<\/p>\n<p>\u00a9 Javno podjetje Energetika Ljubljana d.o.o.:<br \/>\n\u2022 References\/power plants, Slovenia: The image at the Toplarna combined heat and power plant.<\/p>\n<p><strong>Texts:<\/strong><br \/>\nThe text agency, Mag.(FH) Anita Hirschenberger, <a href=\"http:\/\/www.dietextagentur.at\" target=\"_blank\" rel=\"noopener\">www.dietextagentur.at<\/a><\/p>\n<p><strong>Funding:<\/strong><br \/>\nThe implementation of this website was co-financed with funds from the WKO Styria.<\/p>\n","protected":false},"excerpt":{"rendered":"<p>Responsible for content: All photos, logos and texts on these pages are the property of ACTIV Project Management GmbH and its partners. The reproduction and\/or redistribution of the content provided here in any form whatsoever requires written permission. Media owner, publisher and proprietor: ACTIV Project Management GmbH Liebenauer Hauptstr. 34 A-8041 Graz Tel.: +43 316 [&hellip;]<\/p>\n","protected":false},"author":1,"featured_media":0,"parent":0,"menu_order":0,"comment_status":"closed","ping_status":"closed","template":"","meta":{"_acf_changed":false,"footnotes":""},"class_list":["post-1628","page","type-page","status-publish","hentry"],"acf":[],"yoast_head":"<!-- This site is optimized with the Yoast SEO plugin v27.2 - https:\/\/yoast.com\/product\/yoast-seo-wordpress\/ -->\n<title>Impressum | ACTIV Project Management GmbH<\/title>\n<meta name=\"description\" content=\"Medieninhaber und Herausgeber. ACTIV Project Management GmbH, Liebenauer Hauptstr. 34, 8041 Graz, \u00d6sterreich, T +43 316 475 315, office@ACTIV.at\" \/>\n<meta name=\"robots\" content=\"index, follow, max-snippet:-1, max-image-preview:large, max-video-preview:-1\" \/>\n<link rel=\"canonical\" href=\"https:\/\/activ.at\/en\/legal-information\/\" \/>\n<meta property=\"og:locale\" content=\"en_US\" \/>\n<meta property=\"og:type\" content=\"article\" \/>\n<meta property=\"og:title\" content=\"Impressum | ACTIV Project Management GmbH\" \/>\n<meta property=\"og:description\" content=\"Medieninhaber und Herausgeber. ACTIV Project Management GmbH, Liebenauer Hauptstr. 34, 8041 Graz, \u00d6sterreich, T +43 316 475 315, office@ACTIV.at\" \/>\n<meta property=\"og:url\" content=\"https:\/\/activ.at\/en\/legal-information\/\" \/>\n<meta property=\"og:site_name\" content=\"Activ\" \/>\n<meta property=\"article:modified_time\" content=\"2022-02-15T11:24:16+00:00\" \/>\n<meta name=\"twitter:card\" content=\"summary_large_image\" \/>\n<meta name=\"twitter:label1\" content=\"Est. reading time\" \/>\n\t<meta name=\"twitter:data1\" content=\"3 minutes\" \/>\n<script type=\"application\/ld+json\" class=\"yoast-schema-graph\">{\"@context\":\"https:\/\/schema.org\",\"@graph\":[{\"@type\":\"WebPage\",\"@id\":\"https:\/\/activ.at\/en\/legal-information\/\",\"url\":\"https:\/\/activ.at\/en\/legal-information\/\",\"name\":\"Impressum | ACTIV Project Management GmbH\",\"isPartOf\":{\"@id\":\"https:\/\/activ.at\/en\/#website\"},\"datePublished\":\"2018-01-26T09:08:19+00:00\",\"dateModified\":\"2022-02-15T11:24:16+00:00\",\"description\":\"Medieninhaber und Herausgeber. ACTIV Project Management GmbH, Liebenauer Hauptstr. 34, 8041 Graz, \u00d6sterreich, T +43 316 475 315, office@ACTIV.at\",\"breadcrumb\":{\"@id\":\"https:\/\/activ.at\/en\/legal-information\/#breadcrumb\"},\"inLanguage\":\"en-US\",\"potentialAction\":[{\"@type\":\"ReadAction\",\"target\":[\"https:\/\/activ.at\/en\/legal-information\/\"]}]},{\"@type\":\"BreadcrumbList\",\"@id\":\"https:\/\/activ.at\/en\/legal-information\/#breadcrumb\",\"itemListElement\":[{\"@type\":\"ListItem\",\"position\":1,\"name\":\"Home\",\"item\":\"https:\/\/activ.at\/en\/\"},{\"@type\":\"ListItem\",\"position\":2,\"name\":\"Legal information\"}]},{\"@type\":\"WebSite\",\"@id\":\"https:\/\/activ.at\/en\/#website\",\"url\":\"https:\/\/activ.at\/en\/\",\"name\":\"Activ\",\"description\":\"Project Management GmbH\",\"publisher\":{\"@id\":\"https:\/\/activ.at\/en\/#organization\"},\"potentialAction\":[{\"@type\":\"SearchAction\",\"target\":{\"@type\":\"EntryPoint\",\"urlTemplate\":\"https:\/\/activ.at\/en\/?s={search_term_string}\"},\"query-input\":{\"@type\":\"PropertyValueSpecification\",\"valueRequired\":true,\"valueName\":\"search_term_string\"}}],\"inLanguage\":\"en-US\"},{\"@type\":\"Organization\",\"@id\":\"https:\/\/activ.at\/en\/#organization\",\"name\":\"Activ Project Management GmbH\",\"url\":\"https:\/\/activ.at\/en\/\",\"logo\":{\"@type\":\"ImageObject\",\"inLanguage\":\"en-US\",\"@id\":\"https:\/\/activ.at\/en\/#\/schema\/logo\/image\/\",\"url\":\"https:\/\/activ.at\/wp-content\/uploads\/2018\/01\/activ-01_beli.png\",\"contentUrl\":\"https:\/\/activ.at\/wp-content\/uploads\/2018\/01\/activ-01_beli.png\",\"width\":454,\"height\":125,\"caption\":\"Activ Project Management GmbH\"},\"image\":{\"@id\":\"https:\/\/activ.at\/en\/#\/schema\/logo\/image\/\"}}]}<\/script>\n<!-- \/ Yoast SEO plugin. -->","yoast_head_json":{"title":"Impressum | ACTIV Project Management GmbH","description":"Medieninhaber und Herausgeber. ACTIV Project Management GmbH, Liebenauer Hauptstr. 34, 8041 Graz, \u00d6sterreich, T +43 316 475 315, office@ACTIV.at","robots":{"index":"index","follow":"follow","max-snippet":"max-snippet:-1","max-image-preview":"max-image-preview:large","max-video-preview":"max-video-preview:-1"},"canonical":"https:\/\/activ.at\/en\/legal-information\/","og_locale":"en_US","og_type":"article","og_title":"Impressum | ACTIV Project Management GmbH","og_description":"Medieninhaber und Herausgeber. ACTIV Project Management GmbH, Liebenauer Hauptstr. 34, 8041 Graz, \u00d6sterreich, T +43 316 475 315, office@ACTIV.at","og_url":"https:\/\/activ.at\/en\/legal-information\/","og_site_name":"Activ","article_modified_time":"2022-02-15T11:24:16+00:00","twitter_card":"summary_large_image","twitter_misc":{"Est. reading time":"3 minutes"},"schema":{"@context":"https:\/\/schema.org","@graph":[{"@type":"WebPage","@id":"https:\/\/activ.at\/en\/legal-information\/","url":"https:\/\/activ.at\/en\/legal-information\/","name":"Impressum | ACTIV Project Management GmbH","isPartOf":{"@id":"https:\/\/activ.at\/en\/#website"},"datePublished":"2018-01-26T09:08:19+00:00","dateModified":"2022-02-15T11:24:16+00:00","description":"Medieninhaber und Herausgeber. ACTIV Project Management GmbH, Liebenauer Hauptstr. 34, 8041 Graz, \u00d6sterreich, T +43 316 475 315, office@ACTIV.at","breadcrumb":{"@id":"https:\/\/activ.at\/en\/legal-information\/#breadcrumb"},"inLanguage":"en-US","potentialAction":[{"@type":"ReadAction","target":["https:\/\/activ.at\/en\/legal-information\/"]}]},{"@type":"BreadcrumbList","@id":"https:\/\/activ.at\/en\/legal-information\/#breadcrumb","itemListElement":[{"@type":"ListItem","position":1,"name":"Home","item":"https:\/\/activ.at\/en\/"},{"@type":"ListItem","position":2,"name":"Legal information"}]},{"@type":"WebSite","@id":"https:\/\/activ.at\/en\/#website","url":"https:\/\/activ.at\/en\/","name":"Activ","description":"Project Management GmbH","publisher":{"@id":"https:\/\/activ.at\/en\/#organization"},"potentialAction":[{"@type":"SearchAction","target":{"@type":"EntryPoint","urlTemplate":"https:\/\/activ.at\/en\/?s={search_term_string}"},"query-input":{"@type":"PropertyValueSpecification","valueRequired":true,"valueName":"search_term_string"}}],"inLanguage":"en-US"},{"@type":"Organization","@id":"https:\/\/activ.at\/en\/#organization","name":"Activ Project Management GmbH","url":"https:\/\/activ.at\/en\/","logo":{"@type":"ImageObject","inLanguage":"en-US","@id":"https:\/\/activ.at\/en\/#\/schema\/logo\/image\/","url":"https:\/\/activ.at\/wp-content\/uploads\/2018\/01\/activ-01_beli.png","contentUrl":"https:\/\/activ.at\/wp-content\/uploads\/2018\/01\/activ-01_beli.png","width":454,"height":125,"caption":"Activ Project Management GmbH"},"image":{"@id":"https:\/\/activ.at\/en\/#\/schema\/logo\/image\/"}}]}},"_links":{"self":[{"href":"https:\/\/activ.at\/en\/wp-json\/wp\/v2\/pages\/1628","targetHints":{"allow":["GET"]}}],"collection":[{"href":"https:\/\/activ.at\/en\/wp-json\/wp\/v2\/pages"}],"about":[{"href":"https:\/\/activ.at\/en\/wp-json\/wp\/v2\/types\/page"}],"author":[{"embeddable":true,"href":"https:\/\/activ.at\/en\/wp-json\/wp\/v2\/users\/1"}],"replies":[{"embeddable":true,"href":"https:\/\/activ.at\/en\/wp-json\/wp\/v2\/comments?post=1628"}],"version-history":[{"count":6,"href":"https:\/\/activ.at\/en\/wp-json\/wp\/v2\/pages\/1628\/revisions"}],"predecessor-version":[{"id":4416,"href":"https:\/\/activ.at\/en\/wp-json\/wp\/v2\/pages\/1628\/revisions\/4416"}],"wp:attachment":[{"href":"https:\/\/activ.at\/en\/wp-json\/wp\/v2\/media?parent=1628"}],"curies":[{"name":"wp","href":"https:\/\/api.w.org\/{rel}","templated":true}]}}