{"id":1624,"date":"2017-12-06T11:11:18","date_gmt":"2017-12-06T10:11:18","guid":{"rendered":"https:\/\/activ.at\/kontakt\/"},"modified":"2022-02-15T13:55:57","modified_gmt":"2022-02-15T12:55:57","slug":"contact","status":"publish","type":"page","link":"https:\/\/activ.at\/en\/contact\/","title":{"rendered":"Contact"},"content":{"rendered":"<p>Ihr erfahrener Experte f\u00fcr S\u00fcdosteuropa<br \/>\nSeit \u00fcber 25 Jahren unterst\u00fctzen wir Unternehmen mit unserem umfangreichen Know-how und interkultureller Kompetenz bei Projektentwicklungen in S\u00fcdosteuropa \u2013 for your success.<\/p>\n","protected":false},"excerpt":{"rendered":"<p>Ihr erfahrener Experte f\u00fcr S\u00fcdosteuropa Seit \u00fcber 25 Jahren unterst\u00fctzen wir Unternehmen mit unserem umfangreichen Know-how und interkultureller Kompetenz bei Projektentwicklungen in S\u00fcdosteuropa \u2013 for your success.<\/p>\n","protected":false},"author":1,"featured_media":3332,"parent":0,"menu_order":0,"comment_status":"closed","ping_status":"closed","template":"template-contact.php","meta":{"_acf_changed":false,"footnotes":""},"class_list":["post-1624","page","type-page","status-publish","has-post-thumbnail","hentry"],"acf":[],"yoast_head":"<!-- This site is optimized with the Yoast SEO plugin v27.2 - https:\/\/yoast.com\/product\/yoast-seo-wordpress\/ -->\n<title>ACTIV Project Management Kontakt &amp; Standorte<\/title>\n<meta name=\"description\" content=\"ACTIV in Graz und St. Kanzian (\u00d6sterreich), Belgrad (Serbien), Ljubljana (Slowenien). Wir sind immer f\u00fcr Sie da. Besuchen Sie uns!\" \/>\n<meta name=\"robots\" content=\"index, follow, max-snippet:-1, max-image-preview:large, max-video-preview:-1\" \/>\n<link rel=\"canonical\" href=\"https:\/\/activ.at\/en\/contact\/\" \/>\n<meta property=\"og:locale\" content=\"en_US\" \/>\n<meta property=\"og:type\" content=\"article\" \/>\n<meta property=\"og:title\" content=\"ACTIV Project Management Kontakt &amp; Standorte\" \/>\n<meta property=\"og:description\" content=\"ACTIV in Graz und St. Kanzian (\u00d6sterreich), Belgrad (Serbien), Ljubljana (Slowenien). Wir sind immer f\u00fcr Sie da. Besuchen Sie uns!\" \/>\n<meta property=\"og:url\" content=\"https:\/\/activ.at\/en\/contact\/\" \/>\n<meta property=\"og:site_name\" content=\"Activ\" \/>\n<meta property=\"article:modified_time\" content=\"2022-02-15T12:55:57+00:00\" \/>\n<meta property=\"og:image\" content=\"https:\/\/activ.at\/wp-content\/uploads\/2018\/08\/P_Sami_Rahim-4027-4-1920x960_web-6.jpg\" \/>\n\t<meta property=\"og:image:width\" content=\"2114\" \/>\n\t<meta property=\"og:image:height\" content=\"918\" \/>\n\t<meta property=\"og:image:type\" content=\"image\/jpeg\" \/>\n<meta name=\"twitter:card\" content=\"summary_large_image\" \/>\n<script type=\"application\/ld+json\" class=\"yoast-schema-graph\">{\"@context\":\"https:\/\/schema.org\",\"@graph\":[{\"@type\":\"WebPage\",\"@id\":\"https:\/\/activ.at\/en\/contact\/\",\"url\":\"https:\/\/activ.at\/en\/contact\/\",\"name\":\"ACTIV Project Management Kontakt & Standorte\",\"isPartOf\":{\"@id\":\"https:\/\/activ.at\/en\/#website\"},\"primaryImageOfPage\":{\"@id\":\"https:\/\/activ.at\/en\/contact\/#primaryimage\"},\"image\":{\"@id\":\"https:\/\/activ.at\/en\/contact\/#primaryimage\"},\"thumbnailUrl\":\"https:\/\/activ.at\/wp-content\/uploads\/2018\/08\/P_Sami_Rahim-4027-4-1920x960_web-6.jpg\",\"datePublished\":\"2017-12-06T10:11:18+00:00\",\"dateModified\":\"2022-02-15T12:55:57+00:00\",\"description\":\"ACTIV in Graz und St. Kanzian (\u00d6sterreich), Belgrad (Serbien), Ljubljana (Slowenien). Wir sind immer f\u00fcr Sie da. Besuchen Sie uns!\",\"breadcrumb\":{\"@id\":\"https:\/\/activ.at\/en\/contact\/#breadcrumb\"},\"inLanguage\":\"en-US\",\"potentialAction\":[{\"@type\":\"ReadAction\",\"target\":[\"https:\/\/activ.at\/en\/contact\/\"]}]},{\"@type\":\"ImageObject\",\"inLanguage\":\"en-US\",\"@id\":\"https:\/\/activ.at\/en\/contact\/#primaryimage\",\"url\":\"https:\/\/activ.at\/wp-content\/uploads\/2018\/08\/P_Sami_Rahim-4027-4-1920x960_web-6.jpg\",\"contentUrl\":\"https:\/\/activ.at\/wp-content\/uploads\/2018\/08\/P_Sami_Rahim-4027-4-1920x960_web-6.jpg\",\"width\":2114,\"height\":918},{\"@type\":\"BreadcrumbList\",\"@id\":\"https:\/\/activ.at\/en\/contact\/#breadcrumb\",\"itemListElement\":[{\"@type\":\"ListItem\",\"position\":1,\"name\":\"Home\",\"item\":\"https:\/\/activ.at\/en\/\"},{\"@type\":\"ListItem\",\"position\":2,\"name\":\"Contact\"}]},{\"@type\":\"WebSite\",\"@id\":\"https:\/\/activ.at\/en\/#website\",\"url\":\"https:\/\/activ.at\/en\/\",\"name\":\"Activ\",\"description\":\"Project Management GmbH\",\"publisher\":{\"@id\":\"https:\/\/activ.at\/en\/#organization\"},\"potentialAction\":[{\"@type\":\"SearchAction\",\"target\":{\"@type\":\"EntryPoint\",\"urlTemplate\":\"https:\/\/activ.at\/en\/?s={search_term_string}\"},\"query-input\":{\"@type\":\"PropertyValueSpecification\",\"valueRequired\":true,\"valueName\":\"search_term_string\"}}],\"inLanguage\":\"en-US\"},{\"@type\":\"Organization\",\"@id\":\"https:\/\/activ.at\/en\/#organization\",\"name\":\"Activ Project Management GmbH\",\"url\":\"https:\/\/activ.at\/en\/\",\"logo\":{\"@type\":\"ImageObject\",\"inLanguage\":\"en-US\",\"@id\":\"https:\/\/activ.at\/en\/#\/schema\/logo\/image\/\",\"url\":\"https:\/\/activ.at\/wp-content\/uploads\/2018\/01\/activ-01_beli.png\",\"contentUrl\":\"https:\/\/activ.at\/wp-content\/uploads\/2018\/01\/activ-01_beli.png\",\"width\":454,\"height\":125,\"caption\":\"Activ Project Management GmbH\"},\"image\":{\"@id\":\"https:\/\/activ.at\/en\/#\/schema\/logo\/image\/\"}}]}<\/script>\n<!-- \/ Yoast SEO plugin. -->","yoast_head_json":{"title":"ACTIV Project Management Kontakt & Standorte","description":"ACTIV in Graz und St. Kanzian (\u00d6sterreich), Belgrad (Serbien), Ljubljana (Slowenien). Wir sind immer f\u00fcr Sie da. Besuchen Sie uns!","robots":{"index":"index","follow":"follow","max-snippet":"max-snippet:-1","max-image-preview":"max-image-preview:large","max-video-preview":"max-video-preview:-1"},"canonical":"https:\/\/activ.at\/en\/contact\/","og_locale":"en_US","og_type":"article","og_title":"ACTIV Project Management Kontakt & Standorte","og_description":"ACTIV in Graz und St. Kanzian (\u00d6sterreich), Belgrad (Serbien), Ljubljana (Slowenien). Wir sind immer f\u00fcr Sie da. Besuchen Sie uns!","og_url":"https:\/\/activ.at\/en\/contact\/","og_site_name":"Activ","article_modified_time":"2022-02-15T12:55:57+00:00","og_image":[{"width":2114,"height":918,"url":"https:\/\/activ.at\/wp-content\/uploads\/2018\/08\/P_Sami_Rahim-4027-4-1920x960_web-6.jpg","type":"image\/jpeg"}],"twitter_card":"summary_large_image","schema":{"@context":"https:\/\/schema.org","@graph":[{"@type":"WebPage","@id":"https:\/\/activ.at\/en\/contact\/","url":"https:\/\/activ.at\/en\/contact\/","name":"ACTIV Project Management Kontakt & Standorte","isPartOf":{"@id":"https:\/\/activ.at\/en\/#website"},"primaryImageOfPage":{"@id":"https:\/\/activ.at\/en\/contact\/#primaryimage"},"image":{"@id":"https:\/\/activ.at\/en\/contact\/#primaryimage"},"thumbnailUrl":"https:\/\/activ.at\/wp-content\/uploads\/2018\/08\/P_Sami_Rahim-4027-4-1920x960_web-6.jpg","datePublished":"2017-12-06T10:11:18+00:00","dateModified":"2022-02-15T12:55:57+00:00","description":"ACTIV in Graz und St. Kanzian (\u00d6sterreich), Belgrad (Serbien), Ljubljana (Slowenien). Wir sind immer f\u00fcr Sie da. Besuchen Sie uns!","breadcrumb":{"@id":"https:\/\/activ.at\/en\/contact\/#breadcrumb"},"inLanguage":"en-US","potentialAction":[{"@type":"ReadAction","target":["https:\/\/activ.at\/en\/contact\/"]}]},{"@type":"ImageObject","inLanguage":"en-US","@id":"https:\/\/activ.at\/en\/contact\/#primaryimage","url":"https:\/\/activ.at\/wp-content\/uploads\/2018\/08\/P_Sami_Rahim-4027-4-1920x960_web-6.jpg","contentUrl":"https:\/\/activ.at\/wp-content\/uploads\/2018\/08\/P_Sami_Rahim-4027-4-1920x960_web-6.jpg","width":2114,"height":918},{"@type":"BreadcrumbList","@id":"https:\/\/activ.at\/en\/contact\/#breadcrumb","itemListElement":[{"@type":"ListItem","position":1,"name":"Home","item":"https:\/\/activ.at\/en\/"},{"@type":"ListItem","position":2,"name":"Contact"}]},{"@type":"WebSite","@id":"https:\/\/activ.at\/en\/#website","url":"https:\/\/activ.at\/en\/","name":"Activ","description":"Project Management GmbH","publisher":{"@id":"https:\/\/activ.at\/en\/#organization"},"potentialAction":[{"@type":"SearchAction","target":{"@type":"EntryPoint","urlTemplate":"https:\/\/activ.at\/en\/?s={search_term_string}"},"query-input":{"@type":"PropertyValueSpecification","valueRequired":true,"valueName":"search_term_string"}}],"inLanguage":"en-US"},{"@type":"Organization","@id":"https:\/\/activ.at\/en\/#organization","name":"Activ Project Management GmbH","url":"https:\/\/activ.at\/en\/","logo":{"@type":"ImageObject","inLanguage":"en-US","@id":"https:\/\/activ.at\/en\/#\/schema\/logo\/image\/","url":"https:\/\/activ.at\/wp-content\/uploads\/2018\/01\/activ-01_beli.png","contentUrl":"https:\/\/activ.at\/wp-content\/uploads\/2018\/01\/activ-01_beli.png","width":454,"height":125,"caption":"Activ Project Management GmbH"},"image":{"@id":"https:\/\/activ.at\/en\/#\/schema\/logo\/image\/"}}]}},"_links":{"self":[{"href":"https:\/\/activ.at\/en\/wp-json\/wp\/v2\/pages\/1624","targetHints":{"allow":["GET"]}}],"collection":[{"href":"https:\/\/activ.at\/en\/wp-json\/wp\/v2\/pages"}],"about":[{"href":"https:\/\/activ.at\/en\/wp-json\/wp\/v2\/types\/page"}],"author":[{"embeddable":true,"href":"https:\/\/activ.at\/en\/wp-json\/wp\/v2\/users\/1"}],"replies":[{"embeddable":true,"href":"https:\/\/activ.at\/en\/wp-json\/wp\/v2\/comments?post=1624"}],"version-history":[{"count":15,"href":"https:\/\/activ.at\/en\/wp-json\/wp\/v2\/pages\/1624\/revisions"}],"predecessor-version":[{"id":4448,"href":"https:\/\/activ.at\/en\/wp-json\/wp\/v2\/pages\/1624\/revisions\/4448"}],"wp:featuredmedia":[{"embeddable":true,"href":"https:\/\/activ.at\/en\/wp-json\/wp\/v2\/media\/3332"}],"wp:attachment":[{"href":"https:\/\/activ.at\/en\/wp-json\/wp\/v2\/media?parent=1624"}],"curies":[{"name":"wp","href":"https:\/\/api.w.org\/{rel}","templated":true}]}}