{"id":1620,"date":"2018-01-09T12:40:18","date_gmt":"2018-01-09T11:40:18","guid":{"rendered":"https:\/\/activ.at\/unsere-partner\/"},"modified":"2018-04-06T10:11:53","modified_gmt":"2018-04-06T09:11:53","slug":"our-partners","status":"publish","type":"page","link":"https:\/\/activ.at\/en\/our-partners\/","title":{"rendered":"Our partners"},"content":{"rendered":"","protected":false},"excerpt":{"rendered":"","protected":false},"author":1,"featured_media":1140,"parent":0,"menu_order":0,"comment_status":"closed","ping_status":"closed","template":"template-partners.php","meta":{"_acf_changed":false,"footnotes":""},"class_list":["post-1620","page","type-page","status-publish","has-post-thumbnail","hentry"],"acf":[],"yoast_head":"<!-- This site is optimized with the Yoast SEO plugin v27.2 - https:\/\/yoast.com\/product\/yoast-seo-wordpress\/ -->\n<title>ACTIV | Partner von Weltkonzernen f\u00fcr S\u00fcdosteuropa<\/title>\n<meta name=\"description\" content=\"ACTIV ist Partner f\u00fchrender Unternehmen &amp; Weltkonzerne. MHPSE. Novomatic. Kelag. Fassmer. Rosink. ERC Technik. Starten Sie Ihr Projekt mit uns!\" \/>\n<meta name=\"robots\" content=\"index, follow, max-snippet:-1, max-image-preview:large, max-video-preview:-1\" \/>\n<link rel=\"canonical\" href=\"https:\/\/activ.at\/en\/our-partners\/\" \/>\n<meta property=\"og:locale\" content=\"en_US\" \/>\n<meta property=\"og:type\" content=\"article\" \/>\n<meta property=\"og:title\" content=\"ACTIV | Partner von Weltkonzernen f\u00fcr S\u00fcdosteuropa\" \/>\n<meta property=\"og:description\" content=\"ACTIV ist Partner f\u00fchrender Unternehmen &amp; Weltkonzerne. MHPSE. Novomatic. Kelag. Fassmer. Rosink. ERC Technik. Starten Sie Ihr Projekt mit uns!\" \/>\n<meta property=\"og:url\" content=\"https:\/\/activ.at\/en\/our-partners\/\" \/>\n<meta property=\"og:site_name\" content=\"Activ\" \/>\n<meta property=\"article:modified_time\" content=\"2018-04-06T09:11:53+00:00\" \/>\n<meta property=\"og:image\" content=\"https:\/\/activ.at\/wp-content\/uploads\/2018\/01\/P_Sami_Rahim-4099-4.jpg\" \/>\n\t<meta property=\"og:image:width\" content=\"4032\" \/>\n\t<meta property=\"og:image:height\" content=\"2192\" \/>\n\t<meta property=\"og:image:type\" content=\"image\/jpeg\" \/>\n<meta name=\"twitter:card\" content=\"summary_large_image\" \/>\n<script type=\"application\/ld+json\" class=\"yoast-schema-graph\">{\"@context\":\"https:\/\/schema.org\",\"@graph\":[{\"@type\":\"WebPage\",\"@id\":\"https:\/\/activ.at\/en\/our-partners\/\",\"url\":\"https:\/\/activ.at\/en\/our-partners\/\",\"name\":\"ACTIV | Partner von Weltkonzernen f\u00fcr S\u00fcdosteuropa\",\"isPartOf\":{\"@id\":\"https:\/\/activ.at\/en\/#website\"},\"primaryImageOfPage\":{\"@id\":\"https:\/\/activ.at\/en\/our-partners\/#primaryimage\"},\"image\":{\"@id\":\"https:\/\/activ.at\/en\/our-partners\/#primaryimage\"},\"thumbnailUrl\":\"https:\/\/activ.at\/wp-content\/uploads\/2018\/01\/P_Sami_Rahim-4099-4.jpg\",\"datePublished\":\"2018-01-09T11:40:18+00:00\",\"dateModified\":\"2018-04-06T09:11:53+00:00\",\"description\":\"ACTIV ist Partner f\u00fchrender Unternehmen & Weltkonzerne. MHPSE. Novomatic. Kelag. Fassmer. Rosink. ERC Technik. Starten Sie Ihr Projekt mit uns!\",\"breadcrumb\":{\"@id\":\"https:\/\/activ.at\/en\/our-partners\/#breadcrumb\"},\"inLanguage\":\"en-US\",\"potentialAction\":[{\"@type\":\"ReadAction\",\"target\":[\"https:\/\/activ.at\/en\/our-partners\/\"]}]},{\"@type\":\"ImageObject\",\"inLanguage\":\"en-US\",\"@id\":\"https:\/\/activ.at\/en\/our-partners\/#primaryimage\",\"url\":\"https:\/\/activ.at\/wp-content\/uploads\/2018\/01\/P_Sami_Rahim-4099-4.jpg\",\"contentUrl\":\"https:\/\/activ.at\/wp-content\/uploads\/2018\/01\/P_Sami_Rahim-4099-4.jpg\",\"width\":4032,\"height\":2192},{\"@type\":\"BreadcrumbList\",\"@id\":\"https:\/\/activ.at\/en\/our-partners\/#breadcrumb\",\"itemListElement\":[{\"@type\":\"ListItem\",\"position\":1,\"name\":\"Home\",\"item\":\"https:\/\/activ.at\/en\/\"},{\"@type\":\"ListItem\",\"position\":2,\"name\":\"Our partners\"}]},{\"@type\":\"WebSite\",\"@id\":\"https:\/\/activ.at\/en\/#website\",\"url\":\"https:\/\/activ.at\/en\/\",\"name\":\"Activ\",\"description\":\"Project Management GmbH\",\"publisher\":{\"@id\":\"https:\/\/activ.at\/en\/#organization\"},\"potentialAction\":[{\"@type\":\"SearchAction\",\"target\":{\"@type\":\"EntryPoint\",\"urlTemplate\":\"https:\/\/activ.at\/en\/?s={search_term_string}\"},\"query-input\":{\"@type\":\"PropertyValueSpecification\",\"valueRequired\":true,\"valueName\":\"search_term_string\"}}],\"inLanguage\":\"en-US\"},{\"@type\":\"Organization\",\"@id\":\"https:\/\/activ.at\/en\/#organization\",\"name\":\"Activ Project Management GmbH\",\"url\":\"https:\/\/activ.at\/en\/\",\"logo\":{\"@type\":\"ImageObject\",\"inLanguage\":\"en-US\",\"@id\":\"https:\/\/activ.at\/en\/#\/schema\/logo\/image\/\",\"url\":\"https:\/\/activ.at\/wp-content\/uploads\/2018\/01\/activ-01_beli.png\",\"contentUrl\":\"https:\/\/activ.at\/wp-content\/uploads\/2018\/01\/activ-01_beli.png\",\"width\":454,\"height\":125,\"caption\":\"Activ Project Management GmbH\"},\"image\":{\"@id\":\"https:\/\/activ.at\/en\/#\/schema\/logo\/image\/\"}}]}<\/script>\n<!-- \/ Yoast SEO plugin. -->","yoast_head_json":{"title":"ACTIV | Partner von Weltkonzernen f\u00fcr S\u00fcdosteuropa","description":"ACTIV ist Partner f\u00fchrender Unternehmen & Weltkonzerne. MHPSE. Novomatic. Kelag. Fassmer. Rosink. ERC Technik. Starten Sie Ihr Projekt mit uns!","robots":{"index":"index","follow":"follow","max-snippet":"max-snippet:-1","max-image-preview":"max-image-preview:large","max-video-preview":"max-video-preview:-1"},"canonical":"https:\/\/activ.at\/en\/our-partners\/","og_locale":"en_US","og_type":"article","og_title":"ACTIV | Partner von Weltkonzernen f\u00fcr S\u00fcdosteuropa","og_description":"ACTIV ist Partner f\u00fchrender Unternehmen & Weltkonzerne. MHPSE. Novomatic. Kelag. Fassmer. Rosink. ERC Technik. Starten Sie Ihr Projekt mit uns!","og_url":"https:\/\/activ.at\/en\/our-partners\/","og_site_name":"Activ","article_modified_time":"2018-04-06T09:11:53+00:00","og_image":[{"width":4032,"height":2192,"url":"https:\/\/activ.at\/wp-content\/uploads\/2018\/01\/P_Sami_Rahim-4099-4.jpg","type":"image\/jpeg"}],"twitter_card":"summary_large_image","schema":{"@context":"https:\/\/schema.org","@graph":[{"@type":"WebPage","@id":"https:\/\/activ.at\/en\/our-partners\/","url":"https:\/\/activ.at\/en\/our-partners\/","name":"ACTIV | Partner von Weltkonzernen f\u00fcr S\u00fcdosteuropa","isPartOf":{"@id":"https:\/\/activ.at\/en\/#website"},"primaryImageOfPage":{"@id":"https:\/\/activ.at\/en\/our-partners\/#primaryimage"},"image":{"@id":"https:\/\/activ.at\/en\/our-partners\/#primaryimage"},"thumbnailUrl":"https:\/\/activ.at\/wp-content\/uploads\/2018\/01\/P_Sami_Rahim-4099-4.jpg","datePublished":"2018-01-09T11:40:18+00:00","dateModified":"2018-04-06T09:11:53+00:00","description":"ACTIV ist Partner f\u00fchrender Unternehmen & Weltkonzerne. MHPSE. Novomatic. Kelag. Fassmer. Rosink. ERC Technik. Starten Sie Ihr Projekt mit uns!","breadcrumb":{"@id":"https:\/\/activ.at\/en\/our-partners\/#breadcrumb"},"inLanguage":"en-US","potentialAction":[{"@type":"ReadAction","target":["https:\/\/activ.at\/en\/our-partners\/"]}]},{"@type":"ImageObject","inLanguage":"en-US","@id":"https:\/\/activ.at\/en\/our-partners\/#primaryimage","url":"https:\/\/activ.at\/wp-content\/uploads\/2018\/01\/P_Sami_Rahim-4099-4.jpg","contentUrl":"https:\/\/activ.at\/wp-content\/uploads\/2018\/01\/P_Sami_Rahim-4099-4.jpg","width":4032,"height":2192},{"@type":"BreadcrumbList","@id":"https:\/\/activ.at\/en\/our-partners\/#breadcrumb","itemListElement":[{"@type":"ListItem","position":1,"name":"Home","item":"https:\/\/activ.at\/en\/"},{"@type":"ListItem","position":2,"name":"Our partners"}]},{"@type":"WebSite","@id":"https:\/\/activ.at\/en\/#website","url":"https:\/\/activ.at\/en\/","name":"Activ","description":"Project Management GmbH","publisher":{"@id":"https:\/\/activ.at\/en\/#organization"},"potentialAction":[{"@type":"SearchAction","target":{"@type":"EntryPoint","urlTemplate":"https:\/\/activ.at\/en\/?s={search_term_string}"},"query-input":{"@type":"PropertyValueSpecification","valueRequired":true,"valueName":"search_term_string"}}],"inLanguage":"en-US"},{"@type":"Organization","@id":"https:\/\/activ.at\/en\/#organization","name":"Activ Project Management GmbH","url":"https:\/\/activ.at\/en\/","logo":{"@type":"ImageObject","inLanguage":"en-US","@id":"https:\/\/activ.at\/en\/#\/schema\/logo\/image\/","url":"https:\/\/activ.at\/wp-content\/uploads\/2018\/01\/activ-01_beli.png","contentUrl":"https:\/\/activ.at\/wp-content\/uploads\/2018\/01\/activ-01_beli.png","width":454,"height":125,"caption":"Activ Project Management GmbH"},"image":{"@id":"https:\/\/activ.at\/en\/#\/schema\/logo\/image\/"}}]}},"_links":{"self":[{"href":"https:\/\/activ.at\/en\/wp-json\/wp\/v2\/pages\/1620","targetHints":{"allow":["GET"]}}],"collection":[{"href":"https:\/\/activ.at\/en\/wp-json\/wp\/v2\/pages"}],"about":[{"href":"https:\/\/activ.at\/en\/wp-json\/wp\/v2\/types\/page"}],"author":[{"embeddable":true,"href":"https:\/\/activ.at\/en\/wp-json\/wp\/v2\/users\/1"}],"replies":[{"embeddable":true,"href":"https:\/\/activ.at\/en\/wp-json\/wp\/v2\/comments?post=1620"}],"version-history":[{"count":3,"href":"https:\/\/activ.at\/en\/wp-json\/wp\/v2\/pages\/1620\/revisions"}],"predecessor-version":[{"id":2010,"href":"https:\/\/activ.at\/en\/wp-json\/wp\/v2\/pages\/1620\/revisions\/2010"}],"wp:featuredmedia":[{"embeddable":true,"href":"https:\/\/activ.at\/en\/wp-json\/wp\/v2\/media\/1140"}],"wp:attachment":[{"href":"https:\/\/activ.at\/en\/wp-json\/wp\/v2\/media?parent=1620"}],"curies":[{"name":"wp","href":"https:\/\/api.w.org\/{rel}","templated":true}]}}